{"id":4440,"date":"2024-09-03T12:10:45","date_gmt":"2024-09-03T10:10:45","guid":{"rendered":"https:\/\/trazapack.com\/?page_id=4440"},"modified":"2024-09-24T08:58:03","modified_gmt":"2024-09-24T06:58:03","slug":"politica-de-cookies","status":"publish","type":"page","link":"https:\/\/trazapack.com\/pt-pt\/politica-de-cookies\/","title":{"rendered":"Pol\u00edtica de cookies"},"content":{"rendered":"<p>Bem-vindo \u00e0 <strong>POL\u00cdTICA DE COOKIES<\/strong> do site da Trazapack S.L., com NIF\/CIF <strong>B67559732<\/strong>, onde explicaremos de forma clara e simples todos os aspectos necess\u00e1rios para que voc\u00ea possa ter o controle sobre elas, com base nas suas escolhas pessoais.<\/p>\n<p><strong>1. O QUE S\u00c3O COOKIES E POR QUE AS UTILIZAMOS?<\/strong><\/p>\n<p>Um cookie \u00e9 um pequeno arquivo de informa\u00e7\u00e3o que \u00e9 armazenado no seu computador, smartphone ou tablet cada vez que voc\u00ea visita o nosso site.<\/p>\n<p>Em princ\u00edpio, um cookie \u00e9 inofensivo: n\u00e3o cont\u00e9m v\u00edrus, trojans, worms, etc., que possam danificar o seu dispositivo. No entanto, ele tem um certo impacto sobre o seu direito \u00e0 prote\u00e7\u00e3o dos seus dados pessoais, pois coleta determinadas informa\u00e7\u00f5es sobre voc\u00ea (h\u00e1bitos de navega\u00e7\u00e3o, identidade, prefer\u00eancias, etc.).<\/p>\n<p>Por isso, de acordo com a regulamenta\u00e7\u00e3o aplic\u00e1vel (LSSI e regulamenta\u00e7\u00e3o vigente de prote\u00e7\u00e3o de dados pessoais), a ativa\u00e7\u00e3o de determinados tipos de cookies exigir\u00e1 a sua autoriza\u00e7\u00e3o pr\u00e9via.<\/p>\n<p>Com um <strong>passo t\u00e3o simples e r\u00e1pido como marcar uma caixa<\/strong> em nossa se\u00e7\u00e3o <strong>CONFIGURA\u00c7\u00c3O DE COOKIES<\/strong>, voc\u00ea poder\u00e1 autorizar a ativa\u00e7\u00e3o dos cookies que desejar: <strong>tome o controle e aproveite uma navega\u00e7\u00e3o personalizada em nosso site<\/strong>.<\/p>\n<p>Antes disso, daremos algumas informa\u00e7\u00f5es adicionais que o ajudar\u00e3o a tomar uma decis\u00e3o mais informada:<\/p>\n<ol>\n<li>Os cookies podem ser de v\u00e1rios tipos, dependendo de sua finalidade:<\/li>\n<\/ol>\n<p>\u2013 <strong>Os cookies t\u00e9cnicos<\/strong> s\u00e3o necess\u00e1rios para que o nosso site funcione e n\u00e3o precisam da sua autoriza\u00e7\u00e3o; s\u00e3o os \u00fanicos ativados por padr\u00e3o.<\/p>\n<p>\u2013 Os outros cookies podem servir para melhorar o nosso site, personaliz\u00e1-lo com base nas suas prefer\u00eancias, ou mostrar publicidade ajustada \u00e0s suas pesquisas, gostos e interesses pessoais. Todos eles est\u00e3o desativados por padr\u00e3o, e a sua ativa\u00e7\u00e3o requer a sua autoriza\u00e7\u00e3o pr\u00e9via, que pode ser dada com um simples clique na caixa na se\u00e7\u00e3o <strong>CONFIGURA\u00c7\u00c3O DE COOKIES<\/strong>.<\/p>\n<ol start=\"2\">\n<li>Alguns cookies s\u00e3o nossos (<strong>cookies pr\u00f3prios<\/strong>), enquanto outros pertencem a empresas externas que fornecem servi\u00e7os para o nosso site (<strong>cookies de terceiros<\/strong>, como os cookies de fornecedores externos, como o Google). Nesse sentido, \u00e9 importante observar que alguns desses fornecedores externos podem estar localizados fora de Portugal.<\/li>\n<\/ol>\n<p>A n\u00edvel mundial, nem todos os pa\u00edses t\u00eam o mesmo n\u00edvel de prote\u00e7\u00e3o de dados, com alguns pa\u00edses sendo mais seguros do que outros (por exemplo, a Uni\u00e3o Europeia \u00e9 um ambiente seguro para os seus dados). Nossa pol\u00edtica \u00e9 usar fornecedores confi\u00e1veis que, independentemente de estarem localizados ou n\u00e3o na Uni\u00e3o Europeia, adotaram garantias adequadas para a prote\u00e7\u00e3o das suas informa\u00e7\u00f5es pessoais. No entanto, na se\u00e7\u00e3o intitulada <strong>QUE TIPO DE COOKIES S\u00c3O ATUALMENTE UTILIZADOS NO NOSSO SITE?<\/strong>, voc\u00ea pode consultar as diferentes pol\u00edticas de privacidade e prote\u00e7\u00e3o de dados de cada um dos referidos fornecedores externos, a fim de tomar uma decis\u00e3o consciente sobre a ativa\u00e7\u00e3o ou n\u00e3o dos <strong>cookies de terceiros<\/strong> que o nosso site utiliza.<\/p>\n<ol start=\"3\">\n<li>Finalmente, de acordo com o per\u00edodo de tempo em que permanecem ativas, as cookies podem ser de dois tipos:<\/li>\n<\/ol>\n<p>\u2013 <strong>Cookies de sess\u00e3o<\/strong>: expiram automaticamente quando voc\u00ea termina a sess\u00e3o no seu computador, smartphone ou tablet. Normalmente, s\u00e3o usadas para manter as informa\u00e7\u00f5es necess\u00e1rias enquanto um servi\u00e7o \u00e9 prestado em uma \u00fanica ocasi\u00e3o.<\/p>\n<p>\u2013 <strong>Cookies persistentes<\/strong>: permanecem armazenadas no seu computador, smartphone ou tablet por um per\u00edodo determinado, que pode variar de alguns minutos a v\u00e1rios anos.<\/p>\n<p><strong>2. QUE TIPO DE COOKIES PODEMOS UTILIZAR NO NOSSO SITE?<\/strong><\/p>\n<ul>\n<li><strong>Cookies T\u00e9cnicas<\/strong>:<\/li>\n<\/ul>\n<p>As cookies t\u00e9cnicas s\u00e3o estritamente necess\u00e1rias para que o nosso site funcione e para que voc\u00ea possa navegar por ele. Este tipo de cookie permite, por exemplo, identificar voc\u00ea, dar acesso a determinadas \u00e1reas restritas do site, se necess\u00e1rio, ou lembrar diferentes op\u00e7\u00f5es ou servi\u00e7os j\u00e1 selecionados por voc\u00ea, como as suas prefer\u00eancias de privacidade. Portanto, <strong>elas est\u00e3o ativadas por padr\u00e3o, n\u00e3o sendo necess\u00e1rio o seu consentimento<\/strong>.<\/p>\n<p>Voc\u00ea pode bloquear ou alertar sobre a presen\u00e7a dessas cookies atrav\u00e9s das configura\u00e7\u00f5es do seu navegador, mas esse bloqueio pode afetar o funcionamento correto de algumas funcionalidades do nosso site.<\/p>\n<ul>\n<li><strong>Cookies de An\u00e1lise<\/strong>:<\/li>\n<\/ul>\n<p>As cookies de an\u00e1lise nos permitem estudar a navega\u00e7\u00e3o dos usu\u00e1rios em nosso site em geral (por exemplo, quais se\u00e7\u00f5es do site s\u00e3o mais visitadas, quais servi\u00e7os s\u00e3o mais utilizados e se funcionam corretamente, etc.).<\/p>\n<p>Com base nas informa\u00e7\u00f5es estat\u00edsticas sobre a navega\u00e7\u00e3o em nosso site, podemos melhorar tanto o pr\u00f3prio funcionamento da p\u00e1gina quanto os diferentes servi\u00e7os que ela oferece. Portanto, estas cookies <strong>n\u00e3o t\u00eam uma finalidade publicit\u00e1ria<\/strong>, servem apenas para que o nosso site funcione melhor, adaptando-se aos nossos usu\u00e1rios em geral. Ao ativ\u00e1-las, voc\u00ea estar\u00e1 contribuindo para essa melhoria cont\u00ednua.<\/p>\n<p><strong>Voc\u00ea pode ativar ou desativar estas cookies marcando a caixa correspondente<\/strong>, sendo que por padr\u00e3o est\u00e3o desativadas.<\/p>\n<ul>\n<li><strong>Cookies de Funcionalidade e Personaliza\u00e7\u00e3o<\/strong>:<\/li>\n<\/ul>\n<p>As cookies de funcionalidade nos permitem lembrar suas prefer\u00eancias para personalizar determinadas caracter\u00edsticas e op\u00e7\u00f5es gerais do nosso site toda vez que voc\u00ea acessa (por exemplo, o idioma em que as informa\u00e7\u00f5es s\u00e3o apresentadas, as se\u00e7\u00f5es marcadas como favoritas, o tipo de navegador, etc.).<\/p>\n<p>Portanto, este tipo de cookie <strong>n\u00e3o tem uma finalidade publicit\u00e1ria<\/strong>, mas ao ativ\u00e1-las, voc\u00ea ir\u00e1 melhorar a funcionalidade do site (por exemplo, adaptando-se ao seu tipo de navegador) e a personaliza\u00e7\u00e3o com base nas suas prefer\u00eancias (por exemplo, apresentando as informa\u00e7\u00f5es no idioma que voc\u00ea escolheu anteriormente), o que contribuir\u00e1 para tornar a sua navega\u00e7\u00e3o mais f\u00e1cil, pr\u00e1tica e confort\u00e1vel.<\/p>\n<p><strong>3. QUE TIPO DE COOKIES S\u00c3O ATUALMENTE UTILIZADAS NO NOSSO SITE?<\/strong><\/p>\n<p>A seguir, informamos sobre todos os tipos de cookies atualmente utilizadas em nosso site e a finalidade de cada uma:<\/p>\n<table>\n<thead>\n<tr>\n<th><strong>Tipo de Cookie<\/strong><\/th>\n<th><strong>Finalidade<\/strong><\/th>\n<th><strong>Respons\u00e1vel e link para sua pol\u00edtica de privacidade e prote\u00e7\u00e3o de dados<\/strong><\/th>\n<th><strong>Per\u00edodo de tempo (sess\u00e3o\/persistente)<\/strong><\/th>\n<\/tr>\n<\/thead>\n<tbody>\n<tr>\n<td><strong>PHPSESSID<\/strong><\/td>\n<td>As cookies t\u00e9cnicas s\u00e3o necess\u00e1rias para o funcionamento do nosso site.<\/td>\n<td>Trazapack<\/td>\n<td><strong>Ao finalizar a sess\u00e3o de navega\u00e7\u00e3o<\/strong><\/td>\n<\/tr>\n<\/tbody>\n<\/table>\n<p><strong>4. O QUE VOC\u00ca PODE FAZER COM AS COOKIES?<\/strong><\/p>\n<p>Ao acessar o nosso site pela primeira vez, voc\u00ea ver\u00e1 uma janela que informa que as cookies podem ser de diferentes tipos:<\/p>\n<p>\u2013 <strong>As cookies t\u00e9cnicas<\/strong> s\u00e3o necess\u00e1rias para que o nosso site funcione. N\u00e3o necessitam da sua autoriza\u00e7\u00e3o e s\u00e3o as \u00fanicas ativadas por padr\u00e3o. Portanto, elas ser\u00e3o as \u00fanicas cookies que permanecer\u00e3o ativas se voc\u00ea clicar apenas no bot\u00e3o <strong>ACEITAR<\/strong>.<\/p>\n<p>\u2013 As demais cookies servem para melhorar o nosso site, personaliz\u00e1-lo de acordo com as suas prefer\u00eancias, ou mostrar an\u00fancios adaptados \u00e0s suas pesquisas, gostos e interesses pessoais. Todas elas est\u00e3o desativadas por padr\u00e3o, mas voc\u00ea pode ativ\u00e1-las em nossa se\u00e7\u00e3o <strong>CONFIGURA\u00c7\u00c3O DE COOKIES<\/strong>: <strong>tome o controle e desfrute de uma navega\u00e7\u00e3o personalizada em nosso site, com um passo t\u00e3o simples e r\u00e1pido quanto marcar as caixas que voc\u00ea desejar<\/strong>.<\/p>\n<p>Voc\u00ea pode tamb\u00e9m bloquear ou alertar sobre a presen\u00e7a de cookies atrav\u00e9s das configura\u00e7\u00f5es do seu navegador, embora isso possa afetar o funcionamento correto de algumas funcionalidades do nosso site, especialmente no caso das cookies t\u00e9cnicas necess\u00e1rias.<\/p>\n<p><strong>Muito obrigado pela sua colabora\u00e7\u00e3o!<\/strong><\/p>\n","protected":false},"excerpt":{"rendered":"<p>Bem-vindo \u00e0 POL\u00cdTICA DE COOKIES do site da Trazapack S.L., com NIF\/CIF B67559732, onde explicaremos de forma clara e simples todos os aspectos necess\u00e1rios para que voc\u00ea possa ter o controle sobre elas, com base nas suas escolhas pessoais. 1. O QUE S\u00c3O COOKIES E POR QUE AS UTILIZAMOS? Um cookie \u00e9 um pequeno arquivo [&hellip;]<\/p>\n","protected":false},"author":1,"featured_media":0,"parent":0,"menu_order":0,"comment_status":"closed","ping_status":"open","template":"","meta":{"_acf_changed":false,"footnotes":""},"class_list":["post-4440","page","type-page","status-publish","hentry"],"acf":[],"yoast_head":"<!-- This site is optimized with the Yoast SEO plugin v26.9 - https:\/\/yoast.com\/product\/yoast-seo-wordpress\/ -->\n<title>Pol\u00edtica de cookies - Trazapack<\/title>\n<meta name=\"robots\" content=\"noindex, follow\" \/>\n<meta property=\"og:locale\" content=\"pt_PT\" \/>\n<meta property=\"og:type\" content=\"article\" \/>\n<meta property=\"og:title\" content=\"Pol\u00edtica de cookies - Trazapack\" \/>\n<meta property=\"og:description\" content=\"Bem-vindo \u00e0 POL\u00cdTICA DE COOKIES do site da Trazapack S.L., com NIF\/CIF B67559732, onde explicaremos de forma clara e simples todos os aspectos necess\u00e1rios para que voc\u00ea possa ter o controle sobre elas, com base nas suas escolhas pessoais. 1. O QUE S\u00c3O COOKIES E POR QUE AS UTILIZAMOS? Um cookie \u00e9 um pequeno arquivo [&hellip;]\" \/>\n<meta property=\"og:url\" content=\"https:\/\/trazapack.com\/pt-pt\/politica-de-cookies\/\" \/>\n<meta property=\"og:site_name\" content=\"Trazapack\" \/>\n<meta property=\"article:modified_time\" content=\"2024-09-24T06:58:03+00:00\" \/>\n<meta name=\"twitter:card\" content=\"summary_large_image\" \/>\n<script type=\"application\/ld+json\" class=\"yoast-schema-graph\">{\"@context\":\"https:\/\/schema.org\",\"@graph\":[{\"@type\":\"WebPage\",\"@id\":\"https:\/\/trazapack.com\/pt-pt\/politica-de-cookies\/\",\"url\":\"https:\/\/trazapack.com\/pt-pt\/politica-de-cookies\/\",\"name\":\"Pol\u00edtica de cookies - Trazapack\",\"isPartOf\":{\"@id\":\"https:\/\/trazapack.com\/pt-pt\/#website\"},\"datePublished\":\"2024-09-03T10:10:45+00:00\",\"dateModified\":\"2024-09-24T06:58:03+00:00\",\"breadcrumb\":{\"@id\":\"https:\/\/trazapack.com\/pt-pt\/politica-de-cookies\/#breadcrumb\"},\"inLanguage\":\"pt-PT\",\"potentialAction\":[{\"@type\":\"ReadAction\",\"target\":[\"https:\/\/trazapack.com\/pt-pt\/politica-de-cookies\/\"]}]},{\"@type\":\"BreadcrumbList\",\"@id\":\"https:\/\/trazapack.com\/pt-pt\/politica-de-cookies\/#breadcrumb\",\"itemListElement\":[{\"@type\":\"ListItem\",\"position\":1,\"name\":\"Portada\",\"item\":\"https:\/\/trazapack.com\/pt-pt\/\"},{\"@type\":\"ListItem\",\"position\":2,\"name\":\"Pol\u00edtica de cookies\"}]},{\"@type\":\"WebSite\",\"@id\":\"https:\/\/trazapack.com\/pt-pt\/#website\",\"url\":\"https:\/\/trazapack.com\/pt-pt\/\",\"name\":\"Trazapack\",\"description\":\"Marcaje y codificaci\u00f3n industrial\",\"publisher\":{\"@id\":\"https:\/\/trazapack.com\/pt-pt\/#organization\"},\"potentialAction\":[{\"@type\":\"SearchAction\",\"target\":{\"@type\":\"EntryPoint\",\"urlTemplate\":\"https:\/\/trazapack.com\/pt-pt\/?s={search_term_string}\"},\"query-input\":{\"@type\":\"PropertyValueSpecification\",\"valueRequired\":true,\"valueName\":\"search_term_string\"}}],\"inLanguage\":\"pt-PT\"},{\"@type\":\"Organization\",\"@id\":\"https:\/\/trazapack.com\/pt-pt\/#organization\",\"name\":\"Trazapack\",\"url\":\"https:\/\/trazapack.com\/pt-pt\/\",\"logo\":{\"@type\":\"ImageObject\",\"inLanguage\":\"pt-PT\",\"@id\":\"https:\/\/trazapack.com\/pt-pt\/#\/schema\/logo\/image\/\",\"url\":\"https:\/\/trazapack.com\/wp-content\/uploads\/2024\/08\/trazapack-logo.jpg\",\"contentUrl\":\"https:\/\/trazapack.com\/wp-content\/uploads\/2024\/08\/trazapack-logo.jpg\",\"width\":512,\"height\":512,\"caption\":\"Trazapack\"},\"image\":{\"@id\":\"https:\/\/trazapack.com\/pt-pt\/#\/schema\/logo\/image\/\"}}]}<\/script>\n<!-- \/ Yoast SEO plugin. -->","yoast_head_json":{"title":"Pol\u00edtica de cookies - Trazapack","robots":{"index":"noindex","follow":"follow"},"og_locale":"pt_PT","og_type":"article","og_title":"Pol\u00edtica de cookies - Trazapack","og_description":"Bem-vindo \u00e0 POL\u00cdTICA DE COOKIES do site da Trazapack S.L., com NIF\/CIF B67559732, onde explicaremos de forma clara e simples todos os aspectos necess\u00e1rios para que voc\u00ea possa ter o controle sobre elas, com base nas suas escolhas pessoais. 1. O QUE S\u00c3O COOKIES E POR QUE AS UTILIZAMOS? Um cookie \u00e9 um pequeno arquivo [&hellip;]","og_url":"https:\/\/trazapack.com\/pt-pt\/politica-de-cookies\/","og_site_name":"Trazapack","article_modified_time":"2024-09-24T06:58:03+00:00","twitter_card":"summary_large_image","schema":{"@context":"https:\/\/schema.org","@graph":[{"@type":"WebPage","@id":"https:\/\/trazapack.com\/pt-pt\/politica-de-cookies\/","url":"https:\/\/trazapack.com\/pt-pt\/politica-de-cookies\/","name":"Pol\u00edtica de cookies - Trazapack","isPartOf":{"@id":"https:\/\/trazapack.com\/pt-pt\/#website"},"datePublished":"2024-09-03T10:10:45+00:00","dateModified":"2024-09-24T06:58:03+00:00","breadcrumb":{"@id":"https:\/\/trazapack.com\/pt-pt\/politica-de-cookies\/#breadcrumb"},"inLanguage":"pt-PT","potentialAction":[{"@type":"ReadAction","target":["https:\/\/trazapack.com\/pt-pt\/politica-de-cookies\/"]}]},{"@type":"BreadcrumbList","@id":"https:\/\/trazapack.com\/pt-pt\/politica-de-cookies\/#breadcrumb","itemListElement":[{"@type":"ListItem","position":1,"name":"Portada","item":"https:\/\/trazapack.com\/pt-pt\/"},{"@type":"ListItem","position":2,"name":"Pol\u00edtica de cookies"}]},{"@type":"WebSite","@id":"https:\/\/trazapack.com\/pt-pt\/#website","url":"https:\/\/trazapack.com\/pt-pt\/","name":"Trazapack","description":"Marcaje y codificaci\u00f3n industrial","publisher":{"@id":"https:\/\/trazapack.com\/pt-pt\/#organization"},"potentialAction":[{"@type":"SearchAction","target":{"@type":"EntryPoint","urlTemplate":"https:\/\/trazapack.com\/pt-pt\/?s={search_term_string}"},"query-input":{"@type":"PropertyValueSpecification","valueRequired":true,"valueName":"search_term_string"}}],"inLanguage":"pt-PT"},{"@type":"Organization","@id":"https:\/\/trazapack.com\/pt-pt\/#organization","name":"Trazapack","url":"https:\/\/trazapack.com\/pt-pt\/","logo":{"@type":"ImageObject","inLanguage":"pt-PT","@id":"https:\/\/trazapack.com\/pt-pt\/#\/schema\/logo\/image\/","url":"https:\/\/trazapack.com\/wp-content\/uploads\/2024\/08\/trazapack-logo.jpg","contentUrl":"https:\/\/trazapack.com\/wp-content\/uploads\/2024\/08\/trazapack-logo.jpg","width":512,"height":512,"caption":"Trazapack"},"image":{"@id":"https:\/\/trazapack.com\/pt-pt\/#\/schema\/logo\/image\/"}}]}},"_links":{"self":[{"href":"https:\/\/trazapack.com\/pt-pt\/wp-json\/wp\/v2\/pages\/4440","targetHints":{"allow":["GET"]}}],"collection":[{"href":"https:\/\/trazapack.com\/pt-pt\/wp-json\/wp\/v2\/pages"}],"about":[{"href":"https:\/\/trazapack.com\/pt-pt\/wp-json\/wp\/v2\/types\/page"}],"author":[{"embeddable":true,"href":"https:\/\/trazapack.com\/pt-pt\/wp-json\/wp\/v2\/users\/1"}],"replies":[{"embeddable":true,"href":"https:\/\/trazapack.com\/pt-pt\/wp-json\/wp\/v2\/comments?post=4440"}],"version-history":[{"count":1,"href":"https:\/\/trazapack.com\/pt-pt\/wp-json\/wp\/v2\/pages\/4440\/revisions"}],"predecessor-version":[{"id":4441,"href":"https:\/\/trazapack.com\/pt-pt\/wp-json\/wp\/v2\/pages\/4440\/revisions\/4441"}],"wp:attachment":[{"href":"https:\/\/trazapack.com\/pt-pt\/wp-json\/wp\/v2\/media?parent=4440"}],"curies":[{"name":"wp","href":"https:\/\/api.w.org\/{rel}","templated":true}]}}