{"id":4433,"date":"2024-04-08T15:11:40","date_gmt":"2024-04-08T13:11:40","guid":{"rendered":"https:\/\/trazapack.com\/?page_id=4433"},"modified":"2024-09-24T08:49:43","modified_gmt":"2024-09-24T06:49:43","slug":"politica-de-privacidade","status":"publish","type":"page","link":"https:\/\/trazapack.com\/pt-pt\/politica-de-privacidade\/","title":{"rendered":"Pol\u00edtica de Privacidade"},"content":{"rendered":"<p><strong>1. Informa\u00e7\u00f5es Gerais<\/strong><\/p>\n<p>Na <strong>Trazapack S.L.<\/strong>, estamos comprometidos com a prote\u00e7\u00e3o da privacidade e dos dados pessoais dos nossos clientes e usu\u00e1rios. Esta pol\u00edtica de privacidade explica como recolhemos, utilizamos e protegemos as informa\u00e7\u00f5es que voc\u00ea nos fornece.<\/p>\n<p><strong>2. Quem Somos?<\/strong><\/p>\n<ul>\n<li><strong>Nossa denomina\u00e7\u00e3o:<\/strong> Trazapack S.L.<\/li>\n<li><strong>Nosso CIF \/ NIF:<\/strong> B67559732<\/li>\n<li><strong>Nossa atividade principal:<\/strong> Venda de impressoras t\u00e9rmicas TIJ 2.5<\/li>\n<li><strong>Nossa morada:<\/strong> C\/ Presidente Irla 26, 08302 Matar\u00f3, Barcelona<\/li>\n<li><strong>Nosso telefone de contato:<\/strong> +34 93 548 24 34<\/li>\n<li><strong>Nosso e-mail de contato:<\/strong> <a rel=\"noopener\">info@trazapack.com<\/a><\/li>\n<li><strong>Nosso site:<\/strong> <a href=\"https:\/\/trazapack.com\" target=\"_new\" rel=\"noopener\">https:\/\/trazapack.com<\/a><\/li>\n<\/ul>\n<p>Para sua confian\u00e7a e seguran\u00e7a, informamos que somos uma entidade inscrita no seguinte Registro Comercial \/ Registro P\u00fablico: de Barcelona, Vol. 47186, Folio 204, S\u00e9rie 8, Folha B 544095, Inscri\u00e7\u00e3o 1.<\/p>\n<p>Estamos \u00e0 sua disposi\u00e7\u00e3o, n\u00e3o hesite em nos contactar.<\/p>\n<p><strong>3. Para que vamos usar seus dados?<\/strong><\/p>\n<p>De forma geral, os seus dados pessoais ser\u00e3o utilizados para que possamos nos relacionar com voc\u00ea e fornecer os nossos servi\u00e7os. Al\u00e9m disso, tamb\u00e9m podem ser usados para outras atividades, como o envio de publicidade ou a promo\u00e7\u00e3o das nossas atividades.<\/p>\n<p><strong>4. Por que precisamos dos seus dados?<\/strong><\/p>\n<p>Os seus dados pessoais s\u00e3o necess\u00e1rios para podermos nos relacionar com voc\u00ea e prestar os nossos servi\u00e7os. Nesse sentido, colocaremos \u00e0 sua disposi\u00e7\u00e3o uma s\u00e9rie de op\u00e7\u00f5es que lhe permitir\u00e3o decidir, de forma clara e simples, sobre o uso das suas informa\u00e7\u00f5es pessoais.<\/p>\n<p><strong>5. Quem ter\u00e1 conhecimento das informa\u00e7\u00f5es que solicitamos?<\/strong><\/p>\n<p>De forma geral, apenas o pessoal da nossa entidade devidamente autorizado poder\u00e1 ter conhecimento das informa\u00e7\u00f5es que solicitamos. Do mesmo modo, ter\u00e3o acesso aos seus dados pessoais as entidades que necessitam dessas informa\u00e7\u00f5es para que possamos prestar os nossos servi\u00e7os, como por exemplo, o nosso banco, caso o pagamento dos nossos servi\u00e7os seja efetuado por cart\u00e3o ou transfer\u00eancia banc\u00e1ria.<\/p>\n<p>Al\u00e9m disso, outras entidades p\u00fablicas ou privadas poder\u00e3o ter acesso \u00e0s suas informa\u00e7\u00f5es pessoais, se formos obrigados por lei a fornec\u00ea-las. Um exemplo disso \u00e9 a Lei Tribut\u00e1ria que obriga a fornecer determinadas informa\u00e7\u00f5es \u00e0 Ag\u00eancia Tribut\u00e1ria sobre opera\u00e7\u00f5es econ\u00f4micas que excedam determinado valor.<\/p>\n<p>Caso, al\u00e9m das situa\u00e7\u00f5es mencionadas, precisemos compartilhar suas informa\u00e7\u00f5es pessoais com outras entidades, solicitaremos previamente sua permiss\u00e3o por meio de op\u00e7\u00f5es claras que permitir\u00e3o que voc\u00ea decida a esse respeito.<\/p>\n<p><strong>6. Como vamos proteger os seus dados?<\/strong><\/p>\n<p>Protegeremos os seus dados com medidas de seguran\u00e7a eficazes, de acordo com os riscos envolvidos na utiliza\u00e7\u00e3o das suas informa\u00e7\u00f5es. Para isso, a nossa entidade aprovou uma Pol\u00edtica de Prote\u00e7\u00e3o de Dados e realiza auditorias e controles anuais para garantir que os seus dados pessoais estejam seguros em todos os momentos.<\/p>\n<p><strong>7. Vamos enviar seus dados para outros pa\u00edses?<\/strong><\/p>\n<p>Existem pa\u00edses que s\u00e3o seguros para os seus dados e outros que n\u00e3o o s\u00e3o tanto. A Uni\u00e3o Europeia, por exemplo, \u00e9 um ambiente seguro para os seus dados. A nossa pol\u00edtica \u00e9 n\u00e3o enviar as suas informa\u00e7\u00f5es pessoais para nenhum pa\u00eds que n\u00e3o seja seguro do ponto de vista da prote\u00e7\u00e3o dos seus dados.<\/p>\n<p>Se, por algum motivo, for imprescind\u00edvel enviar os seus dados para um pa\u00eds menos seguro que a Espanha, solicitaremos sempre previamente a sua permiss\u00e3o e aplicaremos medidas de seguran\u00e7a eficazes para minimizar os riscos do envio das suas informa\u00e7\u00f5es pessoais para outro pa\u00eds.<\/p>\n<p><strong>8. Por quanto tempo vamos conservar os seus dados?<\/strong><\/p>\n<p>Manteremos os seus dados durante o tempo da nossa rela\u00e7\u00e3o e enquanto as leis nos obrigarem a faz\u00ea-lo. Uma vez que os prazos legais aplic\u00e1veis terminarem, procederemos \u00e0 elimina\u00e7\u00e3o dos seus dados de forma segura e respeitosa com o meio ambiente.<\/p>\n<p><strong>9. Quais s\u00e3o os seus direitos em rela\u00e7\u00e3o \u00e0 prote\u00e7\u00e3o de dados?<\/strong><\/p>\n<p>Em qualquer momento, voc\u00ea pode entrar em contato conosco para saber quais informa\u00e7\u00f5es temos sobre voc\u00ea, corrigir caso estejam incorretas ou elimin\u00e1-las ap\u00f3s o t\u00e9rmino do nosso relacionamento, desde que isso seja legalmente poss\u00edvel.<\/p>\n<p>Voc\u00ea tamb\u00e9m tem o direito de solicitar a transfer\u00eancia das suas informa\u00e7\u00f5es para outra entidade. Esse direito \u00e9 conhecido como &#8220;portabilidade&#8221; e pode ser \u00fatil em determinadas situa\u00e7\u00f5es.<\/p>\n<p>Para solicitar qualquer um desses direitos, dever\u00e1 enviar um pedido por escrito \u00e0 nossa morada, juntamente com uma c\u00f3pia do seu documento de identidade para que possamos identific\u00e1-lo.<\/p>\n<p>Nas nossas instala\u00e7\u00f5es, dispomos de formul\u00e1rios espec\u00edficos para a solicita\u00e7\u00e3o desses direitos e oferecemos a nossa ajuda para preench\u00ea-los.<\/p>\n<p>Para saber mais sobre os seus direitos de prote\u00e7\u00e3o de dados, pode consultar o site da Ag\u00eancia Espanhola de Prote\u00e7\u00e3o de Dados (<a href=\"http:\/\/www.agpd.es\" target=\"_new\" rel=\"noopener\">www.agpd.es<\/a>).<\/p>\n<p><strong>10. Pode retirar o seu consentimento se mudar de opini\u00e3o posteriormente?<\/strong><\/p>\n<p>Voc\u00ea pode retirar o seu consentimento a qualquer momento, caso mude de opini\u00e3o sobre o uso dos seus dados. Por exemplo, se em algum momento demonstrou interesse em receber publicidade dos nossos produtos ou servi\u00e7os e agora n\u00e3o deseja mais, pode nos comunicar por meio do formul\u00e1rio de oposi\u00e7\u00e3o ao tratamento dispon\u00edvel em nossos escrit\u00f3rios.<\/p>\n<p><strong>11. Onde pode apresentar uma reclama\u00e7\u00e3o caso entenda que os seus direitos foram desrespeitados?<\/strong><\/p>\n<p>Se considerar que os seus direitos foram desrespeitados pela nossa entidade, pode apresentar uma reclama\u00e7\u00e3o \u00e0 Ag\u00eancia Espanhola de Prote\u00e7\u00e3o de Dados, atrav\u00e9s de um dos seguintes meios:<\/p>\n<ul>\n<li><strong>Sede eletr\u00f4nica<\/strong>: <a href=\"http:\/\/www.agpd.es\" target=\"_new\" rel=\"noopener\">www.agpd.es<\/a><\/li>\n<li><strong>Endere\u00e7o postal<\/strong>:\n<ul>\n<li>Ag\u00eancia Espanhola de Prote\u00e7\u00e3o de Dados<\/li>\n<li>C\/ Jorge Juan, 6<\/li>\n<li>28001-Madrid<\/li>\n<\/ul>\n<\/li>\n<li><strong>Telefone<\/strong>:\n<ul>\n<li>Tel. 901 100 099<\/li>\n<li>Tel. 91 266 35 17<\/li>\n<\/ul>\n<\/li>\n<\/ul>\n<p>Apresentar uma reclama\u00e7\u00e3o na Ag\u00eancia Espanhola de Prote\u00e7\u00e3o de Dados n\u00e3o tem custo e n\u00e3o \u00e9 necess\u00e1ria a assist\u00eancia de advogado ou procurador.<\/p>\n<p><strong>12. Vamos elaborar perfis sobre voc\u00ea?<\/strong><\/p>\n<p>Nossa pol\u00edtica \u00e9 n\u00e3o elaborar perfis sobre os usu\u00e1rios dos nossos servi\u00e7os. No entanto, em determinadas situa\u00e7\u00f5es, para fins de presta\u00e7\u00e3o de servi\u00e7o, comerciais ou de outro tipo, pode ser necess\u00e1rio elaborar perfis de informa\u00e7\u00f5es sobre voc\u00ea. Um exemplo seria a utiliza\u00e7\u00e3o do seu hist\u00f3rico de compras ou servi\u00e7os para lhe oferecer produtos ou servi\u00e7os adaptados aos seus gostos ou necessidades.<\/p>\n<p>Nesse caso, aplicaremos medidas de seguran\u00e7a eficazes para proteger as suas informa\u00e7\u00f5es em todos os momentos contra pessoas n\u00e3o autorizadas que possam tentar utiliz\u00e1-las em seu pr\u00f3prio benef\u00edcio.<\/p>\n<p><strong>13. Usaremos os seus dados para outros fins?<\/strong><\/p>\n<p>Nossa pol\u00edtica \u00e9 n\u00e3o utilizar os seus dados para outras finalidades diferentes daquelas que lhe foram explicadas. Se, no entanto, precisarmos utilizar os seus dados para atividades distintas, sempre solicitaremos previamente a sua permiss\u00e3o atrav\u00e9s de op\u00e7\u00f5es claras que permitir\u00e3o que voc\u00ea decida a respeito.<\/p>\n","protected":false},"excerpt":{"rendered":"<p>1. Informa\u00e7\u00f5es Gerais Na Trazapack S.L., estamos comprometidos com a prote\u00e7\u00e3o da privacidade e dos dados pessoais dos nossos clientes e usu\u00e1rios. Esta pol\u00edtica de privacidade explica como recolhemos, utilizamos e protegemos as informa\u00e7\u00f5es que voc\u00ea nos fornece. 2. Quem Somos? Nossa denomina\u00e7\u00e3o: Trazapack S.L. Nosso CIF \/ NIF: B67559732 Nossa atividade principal: Venda de [&hellip;]<\/p>\n","protected":false},"author":1,"featured_media":0,"parent":0,"menu_order":0,"comment_status":"closed","ping_status":"open","template":"","meta":{"_acf_changed":false,"footnotes":""},"class_list":["post-4433","page","type-page","status-publish","hentry"],"acf":[],"yoast_head":"<!-- This site is optimized with the Yoast SEO plugin v26.9 - https:\/\/yoast.com\/product\/yoast-seo-wordpress\/ -->\n<title>Pol\u00edtica de Privacidade - Trazapack<\/title>\n<meta name=\"robots\" content=\"noindex, follow\" \/>\n<meta property=\"og:locale\" content=\"pt_PT\" \/>\n<meta property=\"og:type\" content=\"article\" \/>\n<meta property=\"og:title\" content=\"Pol\u00edtica de Privacidade - Trazapack\" \/>\n<meta property=\"og:description\" content=\"1. Informa\u00e7\u00f5es Gerais Na Trazapack S.L., estamos comprometidos com a prote\u00e7\u00e3o da privacidade e dos dados pessoais dos nossos clientes e usu\u00e1rios. Esta pol\u00edtica de privacidade explica como recolhemos, utilizamos e protegemos as informa\u00e7\u00f5es que voc\u00ea nos fornece. 2. Quem Somos? Nossa denomina\u00e7\u00e3o: Trazapack S.L. Nosso CIF \/ NIF: B67559732 Nossa atividade principal: Venda de [&hellip;]\" \/>\n<meta property=\"og:url\" content=\"https:\/\/trazapack.com\/pt-pt\/politica-de-privacidade\/\" \/>\n<meta property=\"og:site_name\" content=\"Trazapack\" \/>\n<meta property=\"article:modified_time\" content=\"2024-09-24T06:49:43+00:00\" \/>\n<meta name=\"twitter:card\" content=\"summary_large_image\" \/>\n<meta name=\"twitter:label1\" content=\"Tempo estimado de leitura\" \/>\n\t<meta name=\"twitter:data1\" content=\"5 minutos\" \/>\n<script type=\"application\/ld+json\" class=\"yoast-schema-graph\">{\"@context\":\"https:\/\/schema.org\",\"@graph\":[{\"@type\":\"WebPage\",\"@id\":\"https:\/\/trazapack.com\/pt-pt\/politica-de-privacidade\/\",\"url\":\"https:\/\/trazapack.com\/pt-pt\/politica-de-privacidade\/\",\"name\":\"Pol\u00edtica de Privacidade - Trazapack\",\"isPartOf\":{\"@id\":\"https:\/\/trazapack.com\/pt-pt\/#website\"},\"datePublished\":\"2024-04-08T13:11:40+00:00\",\"dateModified\":\"2024-09-24T06:49:43+00:00\",\"breadcrumb\":{\"@id\":\"https:\/\/trazapack.com\/pt-pt\/politica-de-privacidade\/#breadcrumb\"},\"inLanguage\":\"pt-PT\",\"potentialAction\":[{\"@type\":\"ReadAction\",\"target\":[\"https:\/\/trazapack.com\/pt-pt\/politica-de-privacidade\/\"]}]},{\"@type\":\"BreadcrumbList\",\"@id\":\"https:\/\/trazapack.com\/pt-pt\/politica-de-privacidade\/#breadcrumb\",\"itemListElement\":[{\"@type\":\"ListItem\",\"position\":1,\"name\":\"Portada\",\"item\":\"https:\/\/trazapack.com\/pt-pt\/\"},{\"@type\":\"ListItem\",\"position\":2,\"name\":\"Pol\u00edtica de Privacidade\"}]},{\"@type\":\"WebSite\",\"@id\":\"https:\/\/trazapack.com\/pt-pt\/#website\",\"url\":\"https:\/\/trazapack.com\/pt-pt\/\",\"name\":\"Trazapack\",\"description\":\"Marcaje y codificaci\u00f3n industrial\",\"publisher\":{\"@id\":\"https:\/\/trazapack.com\/pt-pt\/#organization\"},\"potentialAction\":[{\"@type\":\"SearchAction\",\"target\":{\"@type\":\"EntryPoint\",\"urlTemplate\":\"https:\/\/trazapack.com\/pt-pt\/?s={search_term_string}\"},\"query-input\":{\"@type\":\"PropertyValueSpecification\",\"valueRequired\":true,\"valueName\":\"search_term_string\"}}],\"inLanguage\":\"pt-PT\"},{\"@type\":\"Organization\",\"@id\":\"https:\/\/trazapack.com\/pt-pt\/#organization\",\"name\":\"Trazapack\",\"url\":\"https:\/\/trazapack.com\/pt-pt\/\",\"logo\":{\"@type\":\"ImageObject\",\"inLanguage\":\"pt-PT\",\"@id\":\"https:\/\/trazapack.com\/pt-pt\/#\/schema\/logo\/image\/\",\"url\":\"https:\/\/trazapack.com\/wp-content\/uploads\/2024\/08\/trazapack-logo.jpg\",\"contentUrl\":\"https:\/\/trazapack.com\/wp-content\/uploads\/2024\/08\/trazapack-logo.jpg\",\"width\":512,\"height\":512,\"caption\":\"Trazapack\"},\"image\":{\"@id\":\"https:\/\/trazapack.com\/pt-pt\/#\/schema\/logo\/image\/\"}}]}<\/script>\n<!-- \/ Yoast SEO plugin. -->","yoast_head_json":{"title":"Pol\u00edtica de Privacidade - Trazapack","robots":{"index":"noindex","follow":"follow"},"og_locale":"pt_PT","og_type":"article","og_title":"Pol\u00edtica de Privacidade - Trazapack","og_description":"1. Informa\u00e7\u00f5es Gerais Na Trazapack S.L., estamos comprometidos com a prote\u00e7\u00e3o da privacidade e dos dados pessoais dos nossos clientes e usu\u00e1rios. Esta pol\u00edtica de privacidade explica como recolhemos, utilizamos e protegemos as informa\u00e7\u00f5es que voc\u00ea nos fornece. 2. Quem Somos? Nossa denomina\u00e7\u00e3o: Trazapack S.L. Nosso CIF \/ NIF: B67559732 Nossa atividade principal: Venda de [&hellip;]","og_url":"https:\/\/trazapack.com\/pt-pt\/politica-de-privacidade\/","og_site_name":"Trazapack","article_modified_time":"2024-09-24T06:49:43+00:00","twitter_card":"summary_large_image","twitter_misc":{"Tempo estimado de leitura":"5 minutos"},"schema":{"@context":"https:\/\/schema.org","@graph":[{"@type":"WebPage","@id":"https:\/\/trazapack.com\/pt-pt\/politica-de-privacidade\/","url":"https:\/\/trazapack.com\/pt-pt\/politica-de-privacidade\/","name":"Pol\u00edtica de Privacidade - Trazapack","isPartOf":{"@id":"https:\/\/trazapack.com\/pt-pt\/#website"},"datePublished":"2024-04-08T13:11:40+00:00","dateModified":"2024-09-24T06:49:43+00:00","breadcrumb":{"@id":"https:\/\/trazapack.com\/pt-pt\/politica-de-privacidade\/#breadcrumb"},"inLanguage":"pt-PT","potentialAction":[{"@type":"ReadAction","target":["https:\/\/trazapack.com\/pt-pt\/politica-de-privacidade\/"]}]},{"@type":"BreadcrumbList","@id":"https:\/\/trazapack.com\/pt-pt\/politica-de-privacidade\/#breadcrumb","itemListElement":[{"@type":"ListItem","position":1,"name":"Portada","item":"https:\/\/trazapack.com\/pt-pt\/"},{"@type":"ListItem","position":2,"name":"Pol\u00edtica de Privacidade"}]},{"@type":"WebSite","@id":"https:\/\/trazapack.com\/pt-pt\/#website","url":"https:\/\/trazapack.com\/pt-pt\/","name":"Trazapack","description":"Marcaje y codificaci\u00f3n industrial","publisher":{"@id":"https:\/\/trazapack.com\/pt-pt\/#organization"},"potentialAction":[{"@type":"SearchAction","target":{"@type":"EntryPoint","urlTemplate":"https:\/\/trazapack.com\/pt-pt\/?s={search_term_string}"},"query-input":{"@type":"PropertyValueSpecification","valueRequired":true,"valueName":"search_term_string"}}],"inLanguage":"pt-PT"},{"@type":"Organization","@id":"https:\/\/trazapack.com\/pt-pt\/#organization","name":"Trazapack","url":"https:\/\/trazapack.com\/pt-pt\/","logo":{"@type":"ImageObject","inLanguage":"pt-PT","@id":"https:\/\/trazapack.com\/pt-pt\/#\/schema\/logo\/image\/","url":"https:\/\/trazapack.com\/wp-content\/uploads\/2024\/08\/trazapack-logo.jpg","contentUrl":"https:\/\/trazapack.com\/wp-content\/uploads\/2024\/08\/trazapack-logo.jpg","width":512,"height":512,"caption":"Trazapack"},"image":{"@id":"https:\/\/trazapack.com\/pt-pt\/#\/schema\/logo\/image\/"}}]}},"_links":{"self":[{"href":"https:\/\/trazapack.com\/pt-pt\/wp-json\/wp\/v2\/pages\/4433","targetHints":{"allow":["GET"]}}],"collection":[{"href":"https:\/\/trazapack.com\/pt-pt\/wp-json\/wp\/v2\/pages"}],"about":[{"href":"https:\/\/trazapack.com\/pt-pt\/wp-json\/wp\/v2\/types\/page"}],"author":[{"embeddable":true,"href":"https:\/\/trazapack.com\/pt-pt\/wp-json\/wp\/v2\/users\/1"}],"replies":[{"embeddable":true,"href":"https:\/\/trazapack.com\/pt-pt\/wp-json\/wp\/v2\/comments?post=4433"}],"version-history":[{"count":1,"href":"https:\/\/trazapack.com\/pt-pt\/wp-json\/wp\/v2\/pages\/4433\/revisions"}],"predecessor-version":[{"id":4434,"href":"https:\/\/trazapack.com\/pt-pt\/wp-json\/wp\/v2\/pages\/4433\/revisions\/4434"}],"wp:attachment":[{"href":"https:\/\/trazapack.com\/pt-pt\/wp-json\/wp\/v2\/media?parent=4433"}],"curies":[{"name":"wp","href":"https:\/\/api.w.org\/{rel}","templated":true}]}}