{"id":4397,"date":"2023-11-25T16:41:18","date_gmt":"2023-11-25T15:41:18","guid":{"rendered":"https:\/\/trazapack.com\/contacto\/"},"modified":"2026-01-05T11:55:32","modified_gmt":"2026-01-05T10:55:32","slug":"contacto","status":"publish","type":"page","link":"https:\/\/trazapack.com\/pt-pt\/contacto\/","title":{"rendered":"Contacto"},"content":{"rendered":"\t\t<div data-elementor-type=\"wp-page\" data-elementor-id=\"4397\" class=\"elementor elementor-4397 elementor-738\" data-elementor-post-type=\"page\">\n\t\t\t\t<div class=\"elementor-element elementor-element-0575134 e-flex e-con-boxed e-con e-parent\" data-id=\"0575134\" data-element_type=\"container\" data-e-type=\"container\">\n\t\t\t\t\t<div class=\"e-con-inner\">\n\t\t<div class=\"elementor-element elementor-element-79205cd e-con-full e-flex e-con e-child\" data-id=\"79205cd\" data-element_type=\"container\" data-e-type=\"container\" data-settings=\"{&quot;background_background&quot;:&quot;classic&quot;}\">\n\t\t\t\t<div class=\"elementor-element elementor-element-4857de6 elementor-widget__width-inherit lqd-text-tag-h3 elementor-widget elementor-widget-lqd-text\" data-id=\"4857de6\" data-element_type=\"widget\" data-e-type=\"widget\" data-widget_type=\"lqd-text.default\">\n\t\t\t\t<div class=\"elementor-widget-container\">\n\t\t\t\t\t<h3 class=\"lqd-text-el m-0 p-0\"><span class=\"lqd-text-item relative elementor-repeater-item-cedf840\">Formulario de contacto<\/span><\/h3>\t\t\t\t<\/div>\n\t\t\t\t<\/div>\n\t\t\t\t<div class=\"elementor-element elementor-element-55f0d2cf elementor-widget__width-initial elementor-button-align-stretch elementor-widget elementor-widget-global elementor-global-3708 elementor-widget-form\" data-id=\"55f0d2cf\" data-element_type=\"widget\" data-e-type=\"widget\" data-settings=\"{&quot;step_next_label&quot;:&quot;Next&quot;,&quot;step_previous_label&quot;:&quot;Previous&quot;,&quot;button_width&quot;:&quot;100&quot;,&quot;step_type&quot;:&quot;number_text&quot;,&quot;step_icon_shape&quot;:&quot;circle&quot;}\" data-widget_type=\"form.default\">\n\t\t\t\t<div class=\"elementor-widget-container\">\n\t\t\t\t\t\t\t<form class=\"elementor-form\" method=\"post\" name=\"Main Form\" aria-label=\"Main Form\">\r\n\t\t\t<input type=\"hidden\" name=\"post_id\" value=\"4397\"\/>\r\n\t\t\t<input type=\"hidden\" name=\"form_id\" value=\"55f0d2cf\"\/>\r\n\t\t\t<input type=\"hidden\" name=\"referer_title\" value=\"Trazapack\" \/>\r\n\r\n\t\t\t\r\n\t\t\t<div class=\"elementor-form-fields-wrapper elementor-labels-\">\r\n\t\t\t\t\t\t\t\t<div class=\"elementor-field-type-text elementor-field-group elementor-column elementor-field-group-nombre elementor-col-100 elementor-field-required\">\r\n\t\t\t\t\t\t\t\t\t\t\t\t<label for=\"form-field-nombre\" class=\"elementor-field-label elementor-screen-only\">\r\n\t\t\t\t\t\t\t\tNombre\t\t\t\t\t\t\t<\/label>\r\n\t\t\t\t\t\t\t\t\t\t\t\t\t\t<input size=\"1\" type=\"text\" name=\"form_fields[nombre]\" id=\"form-field-nombre\" class=\"elementor-field elementor-size-sm  elementor-field-textual\" placeholder=\"Nombre *\" required=\"required\">\r\n\t\t\t\t\t\t\t\t\t\t\t<\/div>\r\n\t\t\t\t\t\t\t\t<div class=\"elementor-field-type-email elementor-field-group elementor-column elementor-field-group-email elementor-col-100 elementor-field-required\">\r\n\t\t\t\t\t\t\t\t\t\t\t\t<label for=\"form-field-email\" class=\"elementor-field-label elementor-screen-only\">\r\n\t\t\t\t\t\t\t\tEmail\t\t\t\t\t\t\t<\/label>\r\n\t\t\t\t\t\t\t\t\t\t\t\t\t\t<input size=\"1\" type=\"email\" name=\"form_fields[email]\" id=\"form-field-email\" class=\"elementor-field elementor-size-sm  elementor-field-textual\" placeholder=\"Email *\" required=\"required\">\r\n\t\t\t\t\t\t\t\t\t\t\t<\/div>\r\n\t\t\t\t\t\t\t\t<div class=\"elementor-field-type-text elementor-field-group elementor-column elementor-field-group-asunto elementor-col-100 elementor-field-required\">\r\n\t\t\t\t\t\t\t\t\t\t\t\t<label for=\"form-field-asunto\" class=\"elementor-field-label elementor-screen-only\">\r\n\t\t\t\t\t\t\t\tAsunto\t\t\t\t\t\t\t<\/label>\r\n\t\t\t\t\t\t\t\t\t\t\t\t\t\t<input size=\"1\" type=\"text\" name=\"form_fields[asunto]\" id=\"form-field-asunto\" class=\"elementor-field elementor-size-sm  elementor-field-textual\" placeholder=\"Asunto *\" required=\"required\">\r\n\t\t\t\t\t\t\t\t\t\t\t<\/div>\r\n\t\t\t\t\t\t\t\t<div class=\"elementor-field-type-textarea elementor-field-group elementor-column elementor-field-group-mensaje elementor-col-100 elementor-field-required\">\r\n\t\t\t\t\t\t\t\t\t\t\t\t<label for=\"form-field-mensaje\" class=\"elementor-field-label elementor-screen-only\">\r\n\t\t\t\t\t\t\t\tMensaje\t\t\t\t\t\t\t<\/label>\r\n\t\t\t\t\t\t<textarea class=\"elementor-field-textual elementor-field  elementor-size-sm\" name=\"form_fields[mensaje]\" id=\"form-field-mensaje\" rows=\"4\" placeholder=\"Mensaje *\" required=\"required\"><\/textarea>\t\t\t\t<\/div>\r\n\t\t\t\t\t\t\t\t<div class=\"elementor-field-type-checkbox elementor-field-group elementor-column elementor-field-group-field_9f2812f elementor-col-100\">\r\n\t\t\t\t\t\t\t\t\t\t\t\t<label for=\"form-field-field_9f2812f\" class=\"elementor-field-label elementor-screen-only\">\r\n\t\t\t\t\t\t\t\tlegal\t\t\t\t\t\t\t<\/label>\r\n\t\t\t\t\t\t<div class=\"elementor-field-subgroup  \"><span class=\"elementor-field-option\"><input type=\"checkbox\" value=\"He le\u00eddo y acepto la pol\u00edtica de privacidad.\" id=\"form-field-field_9f2812f-0\" name=\"form_fields[field_9f2812f]\"> <label for=\"form-field-field_9f2812f-0\">He le\u00eddo y acepto la pol\u00edtica de privacidad.<\/label><\/span><\/div>\t\t\t\t<\/div>\r\n\t\t\t\t\t\t\t\t<div class=\"elementor-field-group elementor-column elementor-field-type-submit elementor-col-100 e-form__buttons\">\r\n\t\t\t\t\t<button class=\"elementor-button elementor-size-sm\" type=\"submit\">\r\n\t\t\t\t\t\t<span class=\"elementor-button-content-wrapper\">\r\n\t\t\t\t\t\t\t\t\t\t\t\t\t\t\t\t\t\t\t\t\t\t<span class=\"elementor-button-text\">ENVIAR<\/span>\r\n\t\t\t\t\t\t\t\t\t\t\t\t\t<\/span>\r\n\t\t\t\t\t<\/button>\r\n\t\t\t\t<\/div>\r\n\t\t\t<\/div>\r\n\t\t<\/form>\r\n\t\t\t\t\t\t<\/div>\n\t\t\t\t<\/div>\n\t\t\t\t<div class=\"elementor-element elementor-element-3f8affa elementor-widget__width-inherit lqd-text-tag-p elementor-widget elementor-widget-lqd-text\" data-id=\"3f8affa\" data-element_type=\"widget\" data-e-type=\"widget\" data-widget_type=\"lqd-text.default\">\n\t\t\t\t<div class=\"elementor-widget-container\">\n\t\t\t\t\t<p class=\"lqd-text-el m-0 p-0\"><span class=\"lqd-text-item relative elementor-repeater-item-cedf840\">Cont\u00e1ctanos sin compromiso para recibir m\u00e1s informaci\u00f3n o un presupuesto personalizado para tu proyecto.<\/span><\/p>\t\t\t\t<\/div>\n\t\t\t\t<\/div>\n\t\t\t\t<div class=\"elementor-element elementor-element-d85d4be lqd-text-tag-p elementor-widget__width-inherit elementor-widget elementor-widget-lqd-text\" data-id=\"d85d4be\" data-element_type=\"widget\" data-e-type=\"widget\" data-widget_type=\"lqd-text.default\">\n\t\t\t\t<div class=\"elementor-widget-container\">\n\t\t\t\t\t<p class=\"lqd-text-el m-0 p-0\"><span class=\"lqd-text-item relative elementor-repeater-item-4cec869\">C\/ Presidente Irla 26\n08302 Matar\u00f3, Barcelona <br> De lunes a Viernes de 10:00 \u2013 17:00 h.<\/span><\/p>\t\t\t\t<\/div>\n\t\t\t\t<\/div>\n\t\t<div class=\"elementor-element elementor-element-35e8787 e-con-full e-flex e-con e-child\" data-id=\"35e8787\" data-element_type=\"container\" data-e-type=\"container\">\n\t\t\t\t<div class=\"elementor-element elementor-element-9f153b0 lqd-text-tag-h5 elementor-widget__width-inherit elementor-widget elementor-widget-lqd-text\" data-id=\"9f153b0\" data-element_type=\"widget\" data-e-type=\"widget\" data-widget_type=\"lqd-text.default\">\n\t\t\t\t<div class=\"elementor-widget-container\">\n\t\t\t\t\t<h5 class=\"lqd-text-el m-0 p-0\"><span class=\"lqd-text-item relative elementor-repeater-item-e0fc2f5\">Tel\u00e9fono<\/span><\/h5>\t\t\t\t<\/div>\n\t\t\t\t<\/div>\n\t\t\t\t<div class=\"elementor-element elementor-element-0f590f4 lqd-text-tag-h5 elementor-widget__width-inherit elementor-widget elementor-widget-lqd-text\" data-id=\"0f590f4\" data-element_type=\"widget\" data-e-type=\"widget\" data-widget_type=\"lqd-text.default\">\n\t\t\t\t<div class=\"elementor-widget-container\">\n\t\t\t\t\t<h5 class=\"lqd-text-el m-0 p-0\"><a href=\"tel:+34935482434\" class=\"lqd-text-item relative elementor-repeater-item-e0fc2f5 text-inherit\">+34 93 548 24 34<\/a><\/h5>\t\t\t\t<\/div>\n\t\t\t\t<\/div>\n\t\t\t\t<\/div>\n\t\t<div class=\"elementor-element elementor-element-e89950d e-con-full e-flex e-con e-child\" data-id=\"e89950d\" data-element_type=\"container\" data-e-type=\"container\">\n\t\t\t\t<div class=\"elementor-element elementor-element-b95e689 lqd-text-tag-h5 elementor-widget__width-inherit elementor-widget elementor-widget-lqd-text\" data-id=\"b95e689\" data-element_type=\"widget\" data-e-type=\"widget\" data-widget_type=\"lqd-text.default\">\n\t\t\t\t<div class=\"elementor-widget-container\">\n\t\t\t\t\t<h5 class=\"lqd-text-el m-0 p-0\"><span class=\"lqd-text-item relative elementor-repeater-item-e0fc2f5\">Correo electr\u00f3nico<\/span><\/h5>\t\t\t\t<\/div>\n\t\t\t\t<\/div>\n\t\t\t\t<div class=\"elementor-element elementor-element-2ab4831 lqd-text-tag-h5 elementor-widget__width-inherit elementor-widget elementor-widget-lqd-text\" data-id=\"2ab4831\" data-element_type=\"widget\" data-e-type=\"widget\" data-widget_type=\"lqd-text.default\">\n\t\t\t\t<div class=\"elementor-widget-container\">\n\t\t\t\t\t<h5 class=\"lqd-text-el m-0 p-0\"><a href=\"mailto:info@trazapack.com\" class=\"lqd-text-item relative elementor-repeater-item-e0fc2f5 text-inherit\">info@trazapack.com<\/a><\/h5>\t\t\t\t<\/div>\n\t\t\t\t<\/div>\n\t\t\t\t<\/div>\n\t\t\t\t<div class=\"elementor-element elementor-element-edbce4e e-grid-align-left elementor-widget__width-inherit elementor-shape-rounded elementor-grid-0 elementor-widget elementor-widget-social-icons\" data-id=\"edbce4e\" data-element_type=\"widget\" data-e-type=\"widget\" data-widget_type=\"social-icons.default\">\n\t\t\t\t<div class=\"elementor-widget-container\">\n\t\t\t\t\t\t\t<div class=\"elementor-social-icons-wrapper elementor-grid\" role=\"list\">\n\t\t\t\t\t\t\t<span class=\"elementor-grid-item\" role=\"listitem\">\n\t\t\t\t\t<a class=\"elementor-icon elementor-social-icon elementor-social-icon-linkedin elementor-repeater-item-b037c2a\" href=\"https:\/\/es.linkedin.com\/company\/trazapack\" target=\"_blank\">\n\t\t\t\t\t\t<span class=\"elementor-screen-only\">Linkedin<\/span>\n\t\t\t\t\t\t<svg aria-hidden=\"true\" class=\"e-font-icon-svg e-fab-linkedin\" viewBox=\"0 0 448 512\" xmlns=\"http:\/\/www.w3.org\/2000\/svg\"><path d=\"M416 32H31.9C14.3 32 0 46.5 0 64.3v383.4C0 465.5 14.3 480 31.9 480H416c17.6 0 32-14.5 32-32.3V64.3c0-17.8-14.4-32.3-32-32.3zM135.4 416H69V202.2h66.5V416zm-33.2-243c-21.3 0-38.5-17.3-38.5-38.5S80.9 96 102.2 96c21.2 0 38.5 17.3 38.5 38.5 0 21.3-17.2 38.5-38.5 38.5zm282.1 243h-66.4V312c0-24.8-.5-56.7-34.5-56.7-34.6 0-39.9 27-39.9 54.9V416h-66.4V202.2h63.7v29.2h.9c8.9-16.8 30.6-34.5 62.9-34.5 67.2 0 79.7 44.3 79.7 101.9V416z\"><\/path><\/svg>\t\t\t\t\t<\/a>\n\t\t\t\t<\/span>\n\t\t\t\t\t\t\t<span class=\"elementor-grid-item\" role=\"listitem\">\n\t\t\t\t\t<a class=\"elementor-icon elementor-social-icon elementor-social-icon-youtube elementor-repeater-item-66b4758\" href=\"https:\/\/www.youtube.com\/@trazapack\/videos\" target=\"_blank\">\n\t\t\t\t\t\t<span class=\"elementor-screen-only\">Youtube<\/span>\n\t\t\t\t\t\t<svg aria-hidden=\"true\" class=\"e-font-icon-svg e-fab-youtube\" viewBox=\"0 0 576 512\" xmlns=\"http:\/\/www.w3.org\/2000\/svg\"><path d=\"M549.655 124.083c-6.281-23.65-24.787-42.276-48.284-48.597C458.781 64 288 64 288 64S117.22 64 74.629 75.486c-23.497 6.322-42.003 24.947-48.284 48.597-11.412 42.867-11.412 132.305-11.412 132.305s0 89.438 11.412 132.305c6.281 23.65 24.787 41.5 48.284 47.821C117.22 448 288 448 288 448s170.78 0 213.371-11.486c23.497-6.321 42.003-24.171 48.284-47.821 11.412-42.867 11.412-132.305 11.412-132.305s0-89.438-11.412-132.305zm-317.51 213.508V175.185l142.739 81.205-142.739 81.201z\"><\/path><\/svg>\t\t\t\t\t<\/a>\n\t\t\t\t<\/span>\n\t\t\t\t\t<\/div>\n\t\t\t\t\t\t<\/div>\n\t\t\t\t<\/div>\n\t\t\t\t<\/div>\n\t\t<div class=\"elementor-element elementor-element-6683029 e-con-full e-flex e-con e-child\" data-id=\"6683029\" data-element_type=\"container\" data-e-type=\"container\">\n\t\t\t\t<div class=\"elementor-element elementor-element-f58d3c8 elementor-widget elementor-widget-google_maps\" data-id=\"f58d3c8\" data-element_type=\"widget\" data-e-type=\"widget\" data-widget_type=\"google_maps.default\">\n\t\t\t\t<div class=\"elementor-widget-container\">\n\t\t\t\t\t\t\t<div class=\"elementor-custom-embed\">\n\t\t\t<iframe loading=\"lazy\"\n\t\t\t\t\tsrc=\"https:\/\/maps.google.com\/maps?q=C%2F%20Presidente%20Irla%2026%2008302%20Matar%C3%B3&#038;t=m&#038;z=13&#038;output=embed&#038;iwloc=near\"\n\t\t\t\t\ttitle=\"C\/ Presidente Irla 26 08302 Matar\u00f3\"\n\t\t\t\t\taria-label=\"C\/ Presidente Irla 26 08302 Matar\u00f3\"\n\t\t\t><\/iframe>\n\t\t<\/div>\n\t\t\t\t\t\t<\/div>\n\t\t\t\t<\/div>\n\t\t\t\t<\/div>\n\t\t\t\t\t<\/div>\n\t\t\t\t<\/div>\n\t\t\t\t<\/div>\n\t\t","protected":false},"excerpt":{"rendered":"<p>Formulario de contacto Cont\u00e1ctanos sin compromiso para recibir m\u00e1s informaci\u00f3n o un presupuesto personalizado para tu proyecto. C\/ Presidente Irla 26 08302 Matar\u00f3, Barcelona De lunes a Viernes de 10:00 \u2013 17:00 h. Tel\u00e9fono +34 93 548 24 34 Correo electr\u00f3nico info@trazapack.com Linkedin Youtube<\/p>\n","protected":false},"author":1,"featured_media":0,"parent":0,"menu_order":0,"comment_status":"closed","ping_status":"closed","template":"","meta":{"_acf_changed":false,"footnotes":""},"class_list":["post-4397","page","type-page","status-publish","hentry"],"acf":[],"yoast_head":"<!-- This site is optimized with the Yoast SEO plugin v26.9 - https:\/\/yoast.com\/product\/yoast-seo-wordpress\/ -->\n<title>Contacto - Trazapack<\/title>\n<meta name=\"robots\" content=\"index, follow, max-snippet:-1, max-image-preview:large, max-video-preview:-1\" \/>\n<link rel=\"canonical\" href=\"https:\/\/trazapack.com\/pt-pt\/contacto\/\" \/>\n<meta property=\"og:locale\" content=\"pt_PT\" \/>\n<meta property=\"og:type\" content=\"article\" \/>\n<meta property=\"og:title\" content=\"Contacto - Trazapack\" \/>\n<meta property=\"og:description\" content=\"Formulario de contacto Cont\u00e1ctanos sin compromiso para recibir m\u00e1s informaci\u00f3n o un presupuesto personalizado para tu proyecto. C\/ Presidente Irla 26 08302 Matar\u00f3, Barcelona De lunes a Viernes de 10:00 \u2013 17:00 h. Tel\u00e9fono +34 93 548 24 34 Correo electr\u00f3nico info@trazapack.com Linkedin Youtube\" \/>\n<meta property=\"og:url\" content=\"https:\/\/trazapack.com\/pt-pt\/contacto\/\" \/>\n<meta property=\"og:site_name\" content=\"Trazapack\" \/>\n<meta property=\"article:modified_time\" content=\"2026-01-05T10:55:32+00:00\" \/>\n<meta name=\"twitter:card\" content=\"summary_large_image\" \/>\n<meta name=\"twitter:label1\" content=\"Tempo estimado de leitura\" \/>\n\t<meta name=\"twitter:data1\" content=\"1 minuto\" \/>\n<script type=\"application\/ld+json\" class=\"yoast-schema-graph\">{\"@context\":\"https:\/\/schema.org\",\"@graph\":[{\"@type\":\"WebPage\",\"@id\":\"https:\/\/trazapack.com\/pt-pt\/contacto\/\",\"url\":\"https:\/\/trazapack.com\/pt-pt\/contacto\/\",\"name\":\"Contacto - Trazapack\",\"isPartOf\":{\"@id\":\"https:\/\/trazapack.com\/pt-pt\/#website\"},\"datePublished\":\"2023-11-25T15:41:18+00:00\",\"dateModified\":\"2026-01-05T10:55:32+00:00\",\"breadcrumb\":{\"@id\":\"https:\/\/trazapack.com\/pt-pt\/contacto\/#breadcrumb\"},\"inLanguage\":\"pt-PT\",\"potentialAction\":[{\"@type\":\"ReadAction\",\"target\":[\"https:\/\/trazapack.com\/pt-pt\/contacto\/\"]}]},{\"@type\":\"BreadcrumbList\",\"@id\":\"https:\/\/trazapack.com\/pt-pt\/contacto\/#breadcrumb\",\"itemListElement\":[{\"@type\":\"ListItem\",\"position\":1,\"name\":\"Portada\",\"item\":\"https:\/\/trazapack.com\/pt-pt\/\"},{\"@type\":\"ListItem\",\"position\":2,\"name\":\"Contacto\"}]},{\"@type\":\"WebSite\",\"@id\":\"https:\/\/trazapack.com\/pt-pt\/#website\",\"url\":\"https:\/\/trazapack.com\/pt-pt\/\",\"name\":\"Trazapack\",\"description\":\"Marcaje y codificaci\u00f3n industrial\",\"publisher\":{\"@id\":\"https:\/\/trazapack.com\/pt-pt\/#organization\"},\"potentialAction\":[{\"@type\":\"SearchAction\",\"target\":{\"@type\":\"EntryPoint\",\"urlTemplate\":\"https:\/\/trazapack.com\/pt-pt\/?s={search_term_string}\"},\"query-input\":{\"@type\":\"PropertyValueSpecification\",\"valueRequired\":true,\"valueName\":\"search_term_string\"}}],\"inLanguage\":\"pt-PT\"},{\"@type\":\"Organization\",\"@id\":\"https:\/\/trazapack.com\/pt-pt\/#organization\",\"name\":\"Trazapack\",\"url\":\"https:\/\/trazapack.com\/pt-pt\/\",\"logo\":{\"@type\":\"ImageObject\",\"inLanguage\":\"pt-PT\",\"@id\":\"https:\/\/trazapack.com\/pt-pt\/#\/schema\/logo\/image\/\",\"url\":\"https:\/\/trazapack.com\/wp-content\/uploads\/2024\/08\/trazapack-logo.jpg\",\"contentUrl\":\"https:\/\/trazapack.com\/wp-content\/uploads\/2024\/08\/trazapack-logo.jpg\",\"width\":512,\"height\":512,\"caption\":\"Trazapack\"},\"image\":{\"@id\":\"https:\/\/trazapack.com\/pt-pt\/#\/schema\/logo\/image\/\"}}]}<\/script>\n<!-- \/ Yoast SEO plugin. -->","yoast_head_json":{"title":"Contacto - Trazapack","robots":{"index":"index","follow":"follow","max-snippet":"max-snippet:-1","max-image-preview":"max-image-preview:large","max-video-preview":"max-video-preview:-1"},"canonical":"https:\/\/trazapack.com\/pt-pt\/contacto\/","og_locale":"pt_PT","og_type":"article","og_title":"Contacto - Trazapack","og_description":"Formulario de contacto Cont\u00e1ctanos sin compromiso para recibir m\u00e1s informaci\u00f3n o un presupuesto personalizado para tu proyecto. C\/ Presidente Irla 26 08302 Matar\u00f3, Barcelona De lunes a Viernes de 10:00 \u2013 17:00 h. Tel\u00e9fono +34 93 548 24 34 Correo electr\u00f3nico info@trazapack.com Linkedin Youtube","og_url":"https:\/\/trazapack.com\/pt-pt\/contacto\/","og_site_name":"Trazapack","article_modified_time":"2026-01-05T10:55:32+00:00","twitter_card":"summary_large_image","twitter_misc":{"Tempo estimado de leitura":"1 minuto"},"schema":{"@context":"https:\/\/schema.org","@graph":[{"@type":"WebPage","@id":"https:\/\/trazapack.com\/pt-pt\/contacto\/","url":"https:\/\/trazapack.com\/pt-pt\/contacto\/","name":"Contacto - Trazapack","isPartOf":{"@id":"https:\/\/trazapack.com\/pt-pt\/#website"},"datePublished":"2023-11-25T15:41:18+00:00","dateModified":"2026-01-05T10:55:32+00:00","breadcrumb":{"@id":"https:\/\/trazapack.com\/pt-pt\/contacto\/#breadcrumb"},"inLanguage":"pt-PT","potentialAction":[{"@type":"ReadAction","target":["https:\/\/trazapack.com\/pt-pt\/contacto\/"]}]},{"@type":"BreadcrumbList","@id":"https:\/\/trazapack.com\/pt-pt\/contacto\/#breadcrumb","itemListElement":[{"@type":"ListItem","position":1,"name":"Portada","item":"https:\/\/trazapack.com\/pt-pt\/"},{"@type":"ListItem","position":2,"name":"Contacto"}]},{"@type":"WebSite","@id":"https:\/\/trazapack.com\/pt-pt\/#website","url":"https:\/\/trazapack.com\/pt-pt\/","name":"Trazapack","description":"Marcaje y codificaci\u00f3n industrial","publisher":{"@id":"https:\/\/trazapack.com\/pt-pt\/#organization"},"potentialAction":[{"@type":"SearchAction","target":{"@type":"EntryPoint","urlTemplate":"https:\/\/trazapack.com\/pt-pt\/?s={search_term_string}"},"query-input":{"@type":"PropertyValueSpecification","valueRequired":true,"valueName":"search_term_string"}}],"inLanguage":"pt-PT"},{"@type":"Organization","@id":"https:\/\/trazapack.com\/pt-pt\/#organization","name":"Trazapack","url":"https:\/\/trazapack.com\/pt-pt\/","logo":{"@type":"ImageObject","inLanguage":"pt-PT","@id":"https:\/\/trazapack.com\/pt-pt\/#\/schema\/logo\/image\/","url":"https:\/\/trazapack.com\/wp-content\/uploads\/2024\/08\/trazapack-logo.jpg","contentUrl":"https:\/\/trazapack.com\/wp-content\/uploads\/2024\/08\/trazapack-logo.jpg","width":512,"height":512,"caption":"Trazapack"},"image":{"@id":"https:\/\/trazapack.com\/pt-pt\/#\/schema\/logo\/image\/"}}]}},"_links":{"self":[{"href":"https:\/\/trazapack.com\/pt-pt\/wp-json\/wp\/v2\/pages\/4397","targetHints":{"allow":["GET"]}}],"collection":[{"href":"https:\/\/trazapack.com\/pt-pt\/wp-json\/wp\/v2\/pages"}],"about":[{"href":"https:\/\/trazapack.com\/pt-pt\/wp-json\/wp\/v2\/types\/page"}],"author":[{"embeddable":true,"href":"https:\/\/trazapack.com\/pt-pt\/wp-json\/wp\/v2\/users\/1"}],"replies":[{"embeddable":true,"href":"https:\/\/trazapack.com\/pt-pt\/wp-json\/wp\/v2\/comments?post=4397"}],"version-history":[{"count":10,"href":"https:\/\/trazapack.com\/pt-pt\/wp-json\/wp\/v2\/pages\/4397\/revisions"}],"predecessor-version":[{"id":6464,"href":"https:\/\/trazapack.com\/pt-pt\/wp-json\/wp\/v2\/pages\/4397\/revisions\/6464"}],"wp:attachment":[{"href":"https:\/\/trazapack.com\/pt-pt\/wp-json\/wp\/v2\/media?parent=4397"}],"curies":[{"name":"wp","href":"https:\/\/api.w.org\/{rel}","templated":true}]}}