{"id":4438,"date":"2024-09-03T12:10:45","date_gmt":"2024-09-03T10:10:45","guid":{"rendered":"https:\/\/trazapack.com\/?page_id=4438"},"modified":"2024-09-24T08:56:04","modified_gmt":"2024-09-24T06:56:04","slug":"politique-de-cookies","status":"publish","type":"page","link":"https:\/\/trazapack.com\/fr\/politique-de-cookies\/","title":{"rendered":"Politique de cookies"},"content":{"rendered":"<p>Bienvenue dans la <strong>POLITIQUE DE COOKIES<\/strong> du site web de Trazapack S.L., avec NIF\/CIF <strong>B67559732<\/strong>, o\u00f9 nous vous expliquerons en des termes clairs et simples toutes les questions n\u00e9cessaires afin que vous puissiez avoir le contr\u00f4le sur celles-ci en fonction de vos d\u00e9cisions personnelles.<\/p>\n<p><strong>1. QU&#8217;EST-CE QUE LES COOKIES ET POURQUOI LES UTILISONS-NOUS ?<\/strong><\/p>\n<p>Un cookie est un petit fichier d&#8217;information qui est enregistr\u00e9 sur votre ordinateur, smartphone ou tablette \u00e0 chaque fois que vous visitez notre site web.<\/p>\n<p>En principe, un cookie est inoffensif : il ne contient pas de virus, de chevaux de Troie, de vers, etc., qui pourraient endommager votre appareil. Cependant, il a un certain impact sur votre droit \u00e0 la protection de vos donn\u00e9es personnelles, car il collecte certaines informations vous concernant (habitudes de navigation, identit\u00e9, pr\u00e9f\u00e9rences, etc.).<\/p>\n<p>C&#8217;est pourquoi, conform\u00e9ment \u00e0 la r\u00e9glementation en vigueur (LSSI et r\u00e9glementation en mati\u00e8re de protection des donn\u00e9es personnelles), l&#8217;activation de certains types de cookies n\u00e9cessitera votre autorisation pr\u00e9alable.<\/p>\n<p>Par un <strong>simple et rapide clic sur une case<\/strong> dans notre section <strong>CONFIGURATION DES COOKIES<\/strong>, vous pouvez autoriser l&#8217;activation des cookies que vous souhaitez : <strong>prenez le contr\u00f4le et profitez d&#8217;une navigation personnalis\u00e9e sur notre site<\/strong>.<\/p>\n<p>Avant cela, nous vous fournirons des informations suppl\u00e9mentaires qui vous aideront \u00e0 prendre une meilleure d\u00e9cision \u00e0 cet \u00e9gard :<\/p>\n<ol>\n<li>Les cookies peuvent \u00eatre de diff\u00e9rents types en fonction de leur finalit\u00e9 :<\/li>\n<\/ol>\n<p>\u2013 <strong>Les cookies techniques<\/strong> sont n\u00e9cessaires au fonctionnement de notre site web et n&#8217;ont pas besoin de votre autorisation ; ce sont les seuls qui sont activ\u00e9s par d\u00e9faut.<\/p>\n<p>\u2013 Les autres cookies peuvent servir \u00e0 am\u00e9liorer notre site, \u00e0 le personnaliser selon vos pr\u00e9f\u00e9rences, ou \u00e0 afficher des publicit\u00e9s adapt\u00e9es \u00e0 vos recherches, go\u00fbts et int\u00e9r\u00eats personnels. Tous ces cookies sont d\u00e9sactiv\u00e9s par d\u00e9faut, et leur activation n\u00e9cessite votre autorisation pr\u00e9alable, que vous pouvez donner en cochant simplement une case dans notre section <strong>CONFIGURATION DES COOKIES<\/strong>.<\/p>\n<ol start=\"2\">\n<li>Certains cookies nous appartiennent (<strong>cookies internes<\/strong>), tandis que d&#8217;autres appartiennent \u00e0 des entreprises externes qui fournissent des services pour notre site web (<strong>cookies tiers<\/strong>, par exemple les cookies de fournisseurs externes tels que Google). \u00c0 cet \u00e9gard, il est important de noter que certains de ces fournisseurs externes peuvent \u00eatre situ\u00e9s en dehors de l&#8217;Espagne.<\/li>\n<\/ol>\n<p>\u00c0 l&#8217;\u00e9chelle mondiale, tous les pays n&#8217;ont pas le m\u00eame niveau de protection des donn\u00e9es, certains pays \u00e9tant plus s\u00fbrs que d&#8217;autres (par exemple, l&#8217;Union Europ\u00e9enne est un environnement s\u00fbr pour vos donn\u00e9es). Notre politique est de faire appel \u00e0 des fournisseurs de confiance qui, qu&#8217;ils soient situ\u00e9s dans l&#8217;Union Europ\u00e9enne ou non, ont adopt\u00e9 les garanties appropri\u00e9es pour la protection de vos informations personnelles. N\u00e9anmoins, dans la section intitul\u00e9e <strong>QUELS TYPES DE COOKIES SONT ACTUELLEMENT UTILIS\u00c9S SUR NOTRE SITE WEB ?<\/strong>, vous pouvez consulter les diff\u00e9rentes politiques de confidentialit\u00e9 et de protection des donn\u00e9es de chacun de ces fournisseurs externes afin de prendre une d\u00e9cision \u00e9clair\u00e9e sur l&#8217;activation ou non des <strong>cookies tiers<\/strong> utilis\u00e9s par notre site web.<\/p>\n<ol start=\"3\">\n<li>Enfin, en fonction de la dur\u00e9e pendant laquelle ils restent actifs, les cookies peuvent \u00eatre de deux types :<\/li>\n<\/ol>\n<p>\u2013 <strong>Cookies de session<\/strong> : ils expirent automatiquement lorsque vous terminez votre session sur votre ordinateur, smartphone ou tablette. Ils sont g\u00e9n\u00e9ralement utilis\u00e9s pour conserver les informations n\u00e9cessaires lors de la prestation d&#8217;un service ponctuel.<\/p>\n<p>\u2013 <strong>Cookies persistants<\/strong> : ils restent stock\u00e9s sur votre ordinateur, smartphone ou tablette pendant une p\u00e9riode d\u00e9termin\u00e9e, pouvant varier de quelques minutes \u00e0 plusieurs ann\u00e9es.<\/p>\n<p><strong>2. QUELS TYPES DE COOKIES POUVONS-NOUS UTILISER SUR NOTRE SITE WEB ?<\/strong><\/p>\n<ul>\n<li><strong>Cookies techniques<\/strong> :<\/li>\n<\/ul>\n<p>Les cookies techniques sont strictement n\u00e9cessaires au bon fonctionnement de notre site web et \u00e0 la navigation. Ce type de cookies nous permet, par exemple, de vous identifier, de vous donner acc\u00e8s \u00e0 certaines parties restreintes du site si n\u00e9cessaire, ou de m\u00e9moriser diff\u00e9rentes options ou services que vous avez d\u00e9j\u00e0 s\u00e9lectionn\u00e9s, tels que vos pr\u00e9f\u00e9rences en mati\u00e8re de confidentialit\u00e9. C&#8217;est pourquoi <strong>ils sont activ\u00e9s par d\u00e9faut, sans n\u00e9cessiter votre autorisation<\/strong>.<\/p>\n<p>Vous pouvez bloquer ou signaler la pr\u00e9sence de ces cookies via les param\u00e8tres de votre navigateur, bien que ce blocage puisse affecter le bon fonctionnement de certaines fonctionnalit\u00e9s de notre site web.<\/p>\n<ul>\n<li><strong>Cookies d&#8217;analyse<\/strong> :<\/li>\n<\/ul>\n<p>Les cookies d&#8217;analyse nous permettent d&#8217;\u00e9tudier la navigation des utilisateurs sur notre site web en g\u00e9n\u00e9ral (par exemple, quelles sections du site sont les plus visit\u00e9es, quels services sont les plus utilis\u00e9s, et s&#8217;ils fonctionnent correctement, etc.).<\/p>\n<p>\u00c0 partir des informations statistiques sur la navigation sur notre site web, nous pouvons am\u00e9liorer le fonctionnement de la page ainsi que les diff\u00e9rents services qu&#8217;elle offre. Par cons\u00e9quent, ces cookies <strong>n&#8217;ont pas de finalit\u00e9 publicitaire<\/strong>, ils servent uniquement \u00e0 am\u00e9liorer le fonctionnement de notre site web en s&#8217;adaptant \u00e0 nos utilisateurs. En les activant, vous contribuerez \u00e0 cette am\u00e9lioration continue.<\/p>\n<p><strong>Vous pouvez activer ou d\u00e9sactiver ces cookies en cochant la case correspondante<\/strong>, ils sont d\u00e9sactiv\u00e9s par d\u00e9faut.<\/p>\n<ul>\n<li><strong>Cookies de fonctionnalit\u00e9 et de personnalisation<\/strong> :<\/li>\n<\/ul>\n<p>Les cookies de fonctionnalit\u00e9 nous permettent de nous souvenir de vos pr\u00e9f\u00e9rences afin de personnaliser certaines caract\u00e9ristiques et options g\u00e9n\u00e9rales de notre site web chaque fois que vous y acc\u00e9dez (par exemple, la langue dans laquelle l&#8217;information est pr\u00e9sent\u00e9e, les sections marqu\u00e9es comme favorites, le type de navigateur, etc.).<\/p>\n<p>Ainsi, ces cookies <strong>n&#8217;ont pas de finalit\u00e9 publicitaire<\/strong>, mais en les activant, vous am\u00e9liorerez la fonctionnalit\u00e9 du site web (par exemple, en l&#8217;adaptant \u00e0 votre type de navigateur) et sa personnalisation en fonction de vos pr\u00e9f\u00e9rences (par exemple, en pr\u00e9sentant les informations dans la langue que vous avez choisie auparavant), ce qui contribuera \u00e0 rendre votre navigation plus facile, plus pratique et plus confortable.<\/p>\n<p><strong>3. QUELS TYPES DE COOKIES SONT ACTUELLEMENT UTILIS\u00c9S SUR NOTRE SITE WEB ?<\/strong><\/p>\n<p>Ci-dessous, nous vous informons sur tous les types de cookies actuellement utilis\u00e9s sur notre site web et sur leur finalit\u00e9 :<\/p>\n<table>\n<thead>\n<tr>\n<th><strong>Type de cookie<\/strong><\/th>\n<th><strong>Finalit\u00e9<\/strong><\/th>\n<th><strong>Responsable et lien vers sa politique de confidentialit\u00e9 et de protection des donn\u00e9es<\/strong><\/th>\n<th><strong>Dur\u00e9e (session\/persistant)<\/strong><\/th>\n<\/tr>\n<\/thead>\n<tbody>\n<tr>\n<td><strong>PHPSESSID<\/strong><\/td>\n<td>Les cookies techniques sont n\u00e9cessaires au fonctionnement de notre site web.<\/td>\n<td>Trazapack<\/td>\n<td><strong>\u00c0 la fin de la session de navigation<\/strong><\/td>\n<\/tr>\n<\/tbody>\n<\/table>\n<p><strong>4. QUE POUVEZ-VOUS FAIRE AVEC LES COOKIES ?<\/strong><\/p>\n<p>Lorsque vous acc\u00e9dez pour la premi\u00e8re fois \u00e0 notre site web, une fen\u00eatre s&#8217;affiche pour vous informer que les cookies peuvent \u00eatre de diff\u00e9rents types :<\/p>\n<p>\u2013 <strong>Les cookies techniques<\/strong> sont n\u00e9cessaires au bon fonctionnement de notre site web, n&#8217;ont pas besoin de votre autorisation, et ce sont les seuls activ\u00e9s par d\u00e9faut. Ce sont donc les seuls cookies qui seront actifs si vous cliquez simplement sur le bouton <strong>ACCEPTER<\/strong>.<\/p>\n<p>\u2013 Les autres cookies servent \u00e0 am\u00e9liorer notre site, \u00e0 le personnaliser en fonction de vos pr\u00e9f\u00e9rences, ou \u00e0 vous montrer des publicit\u00e9s adapt\u00e9es \u00e0 vos recherches, go\u00fbts et int\u00e9r\u00eats personnels. Tous ces cookies sont d\u00e9sactiv\u00e9s par d\u00e9faut, mais vous pouvez les activer dans notre section <strong>CONFIGURATION DES COOKIES<\/strong> : <strong>prenez le contr\u00f4le et profitez d&#8217;une navigation personnalis\u00e9e sur notre site en cochant les cases que vous souhaitez<\/strong>.<\/p>\n<p>Vous pouvez \u00e9galement bloquer ou signaler la pr\u00e9sence de cookies via les param\u00e8tres de votre navigateur, bien que cela puisse affecter le bon fonctionnement de certaines fonctionnalit\u00e9s de notre site web, en particulier pour les cookies techniques n\u00e9cessaires.<\/p>\n<p><strong>Merci beaucoup pour votre collaboration !<\/strong><\/p>\n","protected":false},"excerpt":{"rendered":"<p>Bienvenue dans la POLITIQUE DE COOKIES du site web de Trazapack S.L., avec NIF\/CIF B67559732, o\u00f9 nous vous expliquerons en des termes clairs et simples toutes les questions n\u00e9cessaires afin que vous puissiez avoir le contr\u00f4le sur celles-ci en fonction de vos d\u00e9cisions personnelles. 1. QU&#8217;EST-CE QUE LES COOKIES ET POURQUOI LES UTILISONS-NOUS ? Un [&hellip;]<\/p>\n","protected":false},"author":1,"featured_media":0,"parent":0,"menu_order":0,"comment_status":"closed","ping_status":"open","template":"","meta":{"_acf_changed":false,"footnotes":""},"class_list":["post-4438","page","type-page","status-publish","hentry"],"acf":[],"yoast_head":"<!-- This site is optimized with the Yoast SEO plugin v26.9 - https:\/\/yoast.com\/product\/yoast-seo-wordpress\/ -->\n<title>Politique de cookies - Trazapack<\/title>\n<meta name=\"robots\" content=\"noindex, follow\" \/>\n<meta property=\"og:locale\" content=\"fr_FR\" \/>\n<meta property=\"og:type\" content=\"article\" \/>\n<meta property=\"og:title\" content=\"Politique de cookies - Trazapack\" \/>\n<meta property=\"og:description\" content=\"Bienvenue dans la POLITIQUE DE COOKIES du site web de Trazapack S.L., avec NIF\/CIF B67559732, o\u00f9 nous vous expliquerons en des termes clairs et simples toutes les questions n\u00e9cessaires afin que vous puissiez avoir le contr\u00f4le sur celles-ci en fonction de vos d\u00e9cisions personnelles. 1. QU&#8217;EST-CE QUE LES COOKIES ET POURQUOI LES UTILISONS-NOUS ? Un [&hellip;]\" \/>\n<meta property=\"og:url\" content=\"https:\/\/trazapack.com\/fr\/politique-de-cookies\/\" \/>\n<meta property=\"og:site_name\" content=\"Trazapack\" \/>\n<meta property=\"article:modified_time\" content=\"2024-09-24T06:56:04+00:00\" \/>\n<meta name=\"twitter:card\" content=\"summary_large_image\" \/>\n<meta name=\"twitter:label1\" content=\"Est. reading time\" \/>\n\t<meta name=\"twitter:data1\" content=\"6 minutes\" \/>\n<script type=\"application\/ld+json\" class=\"yoast-schema-graph\">{\"@context\":\"https:\/\/schema.org\",\"@graph\":[{\"@type\":\"WebPage\",\"@id\":\"https:\/\/trazapack.com\/fr\/politique-de-cookies\/\",\"url\":\"https:\/\/trazapack.com\/fr\/politique-de-cookies\/\",\"name\":\"Politique de cookies - Trazapack\",\"isPartOf\":{\"@id\":\"https:\/\/trazapack.com\/fr\/#website\"},\"datePublished\":\"2024-09-03T10:10:45+00:00\",\"dateModified\":\"2024-09-24T06:56:04+00:00\",\"breadcrumb\":{\"@id\":\"https:\/\/trazapack.com\/fr\/politique-de-cookies\/#breadcrumb\"},\"inLanguage\":\"fr-FR\",\"potentialAction\":[{\"@type\":\"ReadAction\",\"target\":[\"https:\/\/trazapack.com\/fr\/politique-de-cookies\/\"]}]},{\"@type\":\"BreadcrumbList\",\"@id\":\"https:\/\/trazapack.com\/fr\/politique-de-cookies\/#breadcrumb\",\"itemListElement\":[{\"@type\":\"ListItem\",\"position\":1,\"name\":\"Portada\",\"item\":\"https:\/\/trazapack.com\/fr\/\"},{\"@type\":\"ListItem\",\"position\":2,\"name\":\"Politique de cookies\"}]},{\"@type\":\"WebSite\",\"@id\":\"https:\/\/trazapack.com\/fr\/#website\",\"url\":\"https:\/\/trazapack.com\/fr\/\",\"name\":\"Trazapack\",\"description\":\"Marcaje y codificaci\u00f3n industrial\",\"publisher\":{\"@id\":\"https:\/\/trazapack.com\/fr\/#organization\"},\"potentialAction\":[{\"@type\":\"SearchAction\",\"target\":{\"@type\":\"EntryPoint\",\"urlTemplate\":\"https:\/\/trazapack.com\/fr\/?s={search_term_string}\"},\"query-input\":{\"@type\":\"PropertyValueSpecification\",\"valueRequired\":true,\"valueName\":\"search_term_string\"}}],\"inLanguage\":\"fr-FR\"},{\"@type\":\"Organization\",\"@id\":\"https:\/\/trazapack.com\/fr\/#organization\",\"name\":\"Trazapack\",\"url\":\"https:\/\/trazapack.com\/fr\/\",\"logo\":{\"@type\":\"ImageObject\",\"inLanguage\":\"fr-FR\",\"@id\":\"https:\/\/trazapack.com\/fr\/#\/schema\/logo\/image\/\",\"url\":\"https:\/\/trazapack.com\/wp-content\/uploads\/2024\/08\/trazapack-logo.jpg\",\"contentUrl\":\"https:\/\/trazapack.com\/wp-content\/uploads\/2024\/08\/trazapack-logo.jpg\",\"width\":512,\"height\":512,\"caption\":\"Trazapack\"},\"image\":{\"@id\":\"https:\/\/trazapack.com\/fr\/#\/schema\/logo\/image\/\"}}]}<\/script>\n<!-- \/ Yoast SEO plugin. -->","yoast_head_json":{"title":"Politique de cookies - Trazapack","robots":{"index":"noindex","follow":"follow"},"og_locale":"fr_FR","og_type":"article","og_title":"Politique de cookies - Trazapack","og_description":"Bienvenue dans la POLITIQUE DE COOKIES du site web de Trazapack S.L., avec NIF\/CIF B67559732, o\u00f9 nous vous expliquerons en des termes clairs et simples toutes les questions n\u00e9cessaires afin que vous puissiez avoir le contr\u00f4le sur celles-ci en fonction de vos d\u00e9cisions personnelles. 1. QU&#8217;EST-CE QUE LES COOKIES ET POURQUOI LES UTILISONS-NOUS ? Un [&hellip;]","og_url":"https:\/\/trazapack.com\/fr\/politique-de-cookies\/","og_site_name":"Trazapack","article_modified_time":"2024-09-24T06:56:04+00:00","twitter_card":"summary_large_image","twitter_misc":{"Est. reading time":"6 minutes"},"schema":{"@context":"https:\/\/schema.org","@graph":[{"@type":"WebPage","@id":"https:\/\/trazapack.com\/fr\/politique-de-cookies\/","url":"https:\/\/trazapack.com\/fr\/politique-de-cookies\/","name":"Politique de cookies - Trazapack","isPartOf":{"@id":"https:\/\/trazapack.com\/fr\/#website"},"datePublished":"2024-09-03T10:10:45+00:00","dateModified":"2024-09-24T06:56:04+00:00","breadcrumb":{"@id":"https:\/\/trazapack.com\/fr\/politique-de-cookies\/#breadcrumb"},"inLanguage":"fr-FR","potentialAction":[{"@type":"ReadAction","target":["https:\/\/trazapack.com\/fr\/politique-de-cookies\/"]}]},{"@type":"BreadcrumbList","@id":"https:\/\/trazapack.com\/fr\/politique-de-cookies\/#breadcrumb","itemListElement":[{"@type":"ListItem","position":1,"name":"Portada","item":"https:\/\/trazapack.com\/fr\/"},{"@type":"ListItem","position":2,"name":"Politique de cookies"}]},{"@type":"WebSite","@id":"https:\/\/trazapack.com\/fr\/#website","url":"https:\/\/trazapack.com\/fr\/","name":"Trazapack","description":"Marcaje y codificaci\u00f3n industrial","publisher":{"@id":"https:\/\/trazapack.com\/fr\/#organization"},"potentialAction":[{"@type":"SearchAction","target":{"@type":"EntryPoint","urlTemplate":"https:\/\/trazapack.com\/fr\/?s={search_term_string}"},"query-input":{"@type":"PropertyValueSpecification","valueRequired":true,"valueName":"search_term_string"}}],"inLanguage":"fr-FR"},{"@type":"Organization","@id":"https:\/\/trazapack.com\/fr\/#organization","name":"Trazapack","url":"https:\/\/trazapack.com\/fr\/","logo":{"@type":"ImageObject","inLanguage":"fr-FR","@id":"https:\/\/trazapack.com\/fr\/#\/schema\/logo\/image\/","url":"https:\/\/trazapack.com\/wp-content\/uploads\/2024\/08\/trazapack-logo.jpg","contentUrl":"https:\/\/trazapack.com\/wp-content\/uploads\/2024\/08\/trazapack-logo.jpg","width":512,"height":512,"caption":"Trazapack"},"image":{"@id":"https:\/\/trazapack.com\/fr\/#\/schema\/logo\/image\/"}}]}},"_links":{"self":[{"href":"https:\/\/trazapack.com\/fr\/wp-json\/wp\/v2\/pages\/4438","targetHints":{"allow":["GET"]}}],"collection":[{"href":"https:\/\/trazapack.com\/fr\/wp-json\/wp\/v2\/pages"}],"about":[{"href":"https:\/\/trazapack.com\/fr\/wp-json\/wp\/v2\/types\/page"}],"author":[{"embeddable":true,"href":"https:\/\/trazapack.com\/fr\/wp-json\/wp\/v2\/users\/1"}],"replies":[{"embeddable":true,"href":"https:\/\/trazapack.com\/fr\/wp-json\/wp\/v2\/comments?post=4438"}],"version-history":[{"count":1,"href":"https:\/\/trazapack.com\/fr\/wp-json\/wp\/v2\/pages\/4438\/revisions"}],"predecessor-version":[{"id":4439,"href":"https:\/\/trazapack.com\/fr\/wp-json\/wp\/v2\/pages\/4438\/revisions\/4439"}],"wp:attachment":[{"href":"https:\/\/trazapack.com\/fr\/wp-json\/wp\/v2\/media?parent=4438"}],"curies":[{"name":"wp","href":"https:\/\/api.w.org\/{rel}","templated":true}]}}