{"id":4431,"date":"2024-04-08T15:11:40","date_gmt":"2024-04-08T13:11:40","guid":{"rendered":"https:\/\/trazapack.com\/?page_id=4431"},"modified":"2024-09-24T08:47:26","modified_gmt":"2024-09-24T06:47:26","slug":"politique-de-confidentialite","status":"publish","type":"page","link":"https:\/\/trazapack.com\/fr\/politique-de-confidentialite\/","title":{"rendered":"Politique de confidentialit\u00e9"},"content":{"rendered":"<h3>Qui sommes-nous ?<\/h3>\n<ul>\n<li><strong>Notre d\u00e9nomination<\/strong> : Trazapack S.L.<\/li>\n<li><strong>Notre CIF \/ NIF<\/strong> : B67559732<\/li>\n<li><strong>Notre activit\u00e9 principale<\/strong> : Vente d&#8217;imprimantes thermiques TIJ 2.5<\/li>\n<li><strong>Notre adresse<\/strong> : C\/ Pr\u00e9sident Irla 26, 08302 Matar\u00f3, Barcelone<\/li>\n<li><strong>Notre t\u00e9l\u00e9phone de contact<\/strong> : +34 93 548 24 34<\/li>\n<li><strong>Notre adresse e-mail de contact<\/strong> : <a rel=\"noopener\">info@trazapack.com<\/a><\/li>\n<li><strong>Notre site web<\/strong> : <a href=\"https:\/\/trazapack.com\" target=\"_new\" rel=\"noopener\">https:\/\/trazapack.com<\/a><\/li>\n<li><strong>Pour votre confiance et s\u00e9curit\u00e9<\/strong>, nous vous informons que nous sommes une entit\u00e9 inscrite au Registre du Commerce \/ Registre Public de Barcelone, Vol. 47186, Folio 204, S\u00e9rie 8, Feuille B 544095, Inscription 1.<\/li>\n<\/ul>\n<p>Nous sommes \u00e0 votre disposition, n&#8217;h\u00e9sitez pas \u00e0 nous contacter.<\/p>\n<h3>Pourquoi allons-nous utiliser vos donn\u00e9es ?<\/h3>\n<p>De mani\u00e8re g\u00e9n\u00e9rale, vos donn\u00e9es personnelles seront utilis\u00e9es pour pouvoir \u00e9tablir une relation avec vous et vous fournir nos services. Elles peuvent \u00e9galement \u00eatre utilis\u00e9es pour d&#8217;autres activit\u00e9s, telles que l&#8217;envoi de publicit\u00e9s ou la promotion de nos activit\u00e9s.<\/p>\n<h3>Pourquoi avons-nous besoin d&#8217;utiliser vos donn\u00e9es ?<\/h3>\n<p>Vos donn\u00e9es personnelles sont n\u00e9cessaires pour \u00e9tablir une relation avec vous et vous fournir nos services. \u00c0 cet effet, nous mettrons \u00e0 votre disposition une s\u00e9rie de cases \u00e0 cocher qui vous permettront de d\u00e9cider de mani\u00e8re claire et simple de l&#8217;utilisation de vos informations personnelles.<\/p>\n<h3>Qui aura acc\u00e8s aux informations que nous vous demandons ?<\/h3>\n<p>De mani\u00e8re g\u00e9n\u00e9rale, seul le personnel de notre entit\u00e9 d\u00fbment autoris\u00e9 pourra avoir connaissance des informations que nous vous demandons. De m\u00eame, les entit\u00e9s qui ont besoin d&#8217;acc\u00e9der \u00e0 vos informations pour que nous puissions vous fournir nos services auront \u00e9galement acc\u00e8s \u00e0 vos donn\u00e9es. Par exemple, notre banque aura acc\u00e8s \u00e0 vos informations si le paiement de nos services est effectu\u00e9 par carte bancaire ou par virement.<\/p>\n<p>De plus, les entit\u00e9s publiques ou priv\u00e9es auxquelles nous sommes oblig\u00e9s de fournir vos donn\u00e9es personnelles en raison de l&#8217;obligation l\u00e9gale y auront \u00e9galement acc\u00e8s. Par exemple, la Loi fiscale oblige \u00e0 fournir \u00e0 l&#8217;Agence des Imp\u00f4ts certaines informations concernant des op\u00e9rations \u00e9conomiques d\u00e9passant un certain montant.<\/p>\n<p>Dans le cas o\u00f9, en dehors des cas mentionn\u00e9s, nous devrions divulguer vos informations personnelles \u00e0 d&#8217;autres entit\u00e9s, nous vous demanderons au pr\u00e9alable votre autorisation par le biais d&#8217;options claires qui vous permettront de d\u00e9cider \u00e0 cet \u00e9gard.<\/p>\n<h3>Comment allons-nous prot\u00e9ger vos donn\u00e9es ?<\/h3>\n<p>Nous prot\u00e9gerons vos donn\u00e9es avec des mesures de s\u00e9curit\u00e9 efficaces, en fonction des risques li\u00e9s \u00e0 l&#8217;utilisation de vos informations. Pour cela, notre entit\u00e9 a adopt\u00e9 une Politique de Protection des Donn\u00e9es et effectue des contr\u00f4les et des audits annuels pour s&#8217;assurer que vos donn\u00e9es personnelles sont en s\u00e9curit\u00e9 \u00e0 tout moment.<\/p>\n<h3>Allons-nous envoyer vos donn\u00e9es \u00e0 d&#8217;autres pays ?<\/h3>\n<p>Dans le monde, certains pays sont s\u00fbrs pour vos donn\u00e9es et d&#8217;autres le sont moins. Par exemple, l&#8217;Union europ\u00e9enne est un environnement s\u00fbr pour vos donn\u00e9es. Notre politique est de ne pas envoyer vos informations personnelles dans un pays qui n&#8217;est pas s\u00e9curis\u00e9 du point de vue de la protection de vos donn\u00e9es.<\/p>\n<p>Dans le cas o\u00f9, dans le cadre de la prestation de services, il serait n\u00e9cessaire d&#8217;envoyer vos donn\u00e9es dans un pays moins s\u00fbr que l&#8217;Espagne, nous vous demanderons toujours au pr\u00e9alable votre autorisation et appliquerons des mesures de s\u00e9curit\u00e9 efficaces pour r\u00e9duire les risques li\u00e9s \u00e0 l&#8217;envoi de vos informations personnelles vers un autre pays.<\/p>\n<h3>Pendant combien de temps allons-nous conserver vos donn\u00e9es ?<\/h3>\n<p>Nous conserverons vos donn\u00e9es pendant la dur\u00e9e de notre relation et aussi longtemps que les lois nous y obligent. Une fois les d\u00e9lais l\u00e9gaux applicables \u00e9coul\u00e9s, nous les \u00e9liminerons de mani\u00e8re s\u00fbre et respectueuse de l&#8217;environnement.<\/p>\n<h3>Quels sont vos droits en mati\u00e8re de protection des donn\u00e9es ?<\/h3>\n<p>\u00c0 tout moment, vous pouvez nous contacter pour savoir quelles informations nous d\u00e9tenons sur vous, les rectifier si elles sont incorrectes ou les supprimer une fois notre relation termin\u00e9e, dans la mesure o\u00f9 cela est l\u00e9galement possible.<\/p>\n<p>Vous avez \u00e9galement le droit de demander le transfert de vos informations \u00e0 une autre entit\u00e9. Ce droit est appel\u00e9 &#8220;portabilit\u00e9&#8221; et peut \u00eatre utile dans certaines situations.<\/p>\n<p>Pour exercer l&#8217;un de ces droits, vous devrez nous adresser une demande \u00e9crite \u00e0 notre adresse, accompagn\u00e9e d&#8217;une photocopie de votre pi\u00e8ce d&#8217;identit\u00e9, afin que nous puissions vous identifier.<\/p>\n<p>Dans les bureaux de notre entit\u00e9, nous disposons de formulaires sp\u00e9cifiques pour solliciter ces droits et nous vous offrons notre aide pour leur remplissage.<\/p>\n<p>Pour en savoir plus sur vos droits en mati\u00e8re de protection des donn\u00e9es, vous pouvez consulter le site web de l&#8217;Agence Espagnole de Protection des Donn\u00e9es (<a href=\"http:\/\/www.agpd.es\" target=\"_new\" rel=\"noopener\">www.agpd.es<\/a>).<\/p>\n<h3>Pouvez-vous retirer votre consentement si vous changez d&#8217;avis \u00e0 un moment ult\u00e9rieur ?<\/h3>\n<p>Vous pouvez retirer votre consentement \u00e0 tout moment si vous changez d&#8217;avis concernant l&#8217;utilisation de vos donn\u00e9es. Par exemple, si vous avez un jour \u00e9t\u00e9 int\u00e9ress\u00e9(e) par la r\u00e9ception de publicit\u00e9s sur nos produits ou services, mais que vous ne souhaitez plus en recevoir, vous pouvez nous en informer via le formulaire d&#8217;opposition au traitement disponible dans les bureaux de notre entit\u00e9.<\/p>\n<h3>O\u00f9 pouvez-vous d\u00e9poser une r\u00e9clamation si vous estimez que vos droits n&#8217;ont pas \u00e9t\u00e9 respect\u00e9s ?<\/h3>\n<p>Si vous estimez que vos droits n&#8217;ont pas \u00e9t\u00e9 respect\u00e9s par notre entit\u00e9, vous pouvez d\u00e9poser une r\u00e9clamation aupr\u00e8s de l&#8217;Agence Espagnole de Protection des Donn\u00e9es par l&#8217;un des moyens suivants :<\/p>\n<ul>\n<li><strong>Site web<\/strong> : <a href=\"http:\/\/www.agpd.es\" target=\"_new\" rel=\"noopener\">www.agpd.es<\/a><\/li>\n<li><strong>Adresse postale<\/strong> :\n<ul>\n<li>Agencia Espa\u00f1ola de Protecci\u00f3n de Datos<\/li>\n<li>C\/ Jorge Juan, 6<\/li>\n<li>28001-Madrid<\/li>\n<\/ul>\n<\/li>\n<li><strong>T\u00e9l\u00e9phone<\/strong> :\n<ul>\n<li>T\u00e9l. 901 100 099<\/li>\n<li>T\u00e9l. 91 266 35 17<\/li>\n<\/ul>\n<\/li>\n<\/ul>\n<p>D\u00e9poser une r\u00e9clamation aupr\u00e8s de l&#8217;Agence Espagnole de Protection des Donn\u00e9es n&#8217;entra\u00eene aucun co\u00fbt et ne n\u00e9cessite pas l&#8217;assistance d&#8217;un avocat ni d&#8217;un procureur.<\/p>\n<h3>Allons-nous \u00e9laborer des profils sur vous ?<\/h3>\n<p>Notre politique est de ne pas \u00e9tablir de profils sur les utilisateurs de nos services. Cependant, il peut exister des situations dans lesquelles, \u00e0 des fins de prestation de service, commerciales ou autres, nous devrons \u00e9tablir des profils d&#8217;informations sur vous. Par exemple, l&#8217;utilisation de votre historique d&#8217;achats ou de services pour vous proposer des produits ou services adapt\u00e9s \u00e0 vos go\u00fbts ou besoins.<\/p>\n<p>Dans ce cas, nous appliquerons des mesures de s\u00e9curit\u00e9 efficaces pour prot\u00e9ger vos informations \u00e0 tout moment contre les personnes non autoris\u00e9es qui pourraient chercher \u00e0 les utiliser \u00e0 leur propre avantage.<\/p>\n<h3>Utiliserons-nous vos donn\u00e9es \u00e0 d&#8217;autres fins ?<\/h3>\n<p>Notre politique est de ne pas utiliser vos donn\u00e9es \u00e0 des fins autres que celles que nous vous avons expliqu\u00e9es. Cependant, si nous devions utiliser vos donn\u00e9es pour d&#8217;autres activit\u00e9s, nous vous demanderons toujours votre autorisation au pr\u00e9alable par le biais d&#8217;options claires qui vous permettront de d\u00e9cider \u00e0 ce sujet.<\/p>\n","protected":false},"excerpt":{"rendered":"<p>Qui sommes-nous ? Notre d\u00e9nomination : Trazapack S.L. Notre CIF \/ NIF : B67559732 Notre activit\u00e9 principale : Vente d&#8217;imprimantes thermiques TIJ 2.5 Notre adresse : C\/ Pr\u00e9sident Irla 26, 08302 Matar\u00f3, Barcelone Notre t\u00e9l\u00e9phone de contact : +34 93 548 24 34 Notre adresse e-mail de contact : info@trazapack.com Notre site web : https:\/\/trazapack.com [&hellip;]<\/p>\n","protected":false},"author":1,"featured_media":0,"parent":0,"menu_order":0,"comment_status":"closed","ping_status":"open","template":"","meta":{"_acf_changed":false,"footnotes":""},"class_list":["post-4431","page","type-page","status-publish","hentry"],"acf":[],"yoast_head":"<!-- This site is optimized with the Yoast SEO plugin v26.9 - https:\/\/yoast.com\/product\/yoast-seo-wordpress\/ -->\n<title>Politique de confidentialit\u00e9 - Trazapack<\/title>\n<meta name=\"robots\" content=\"noindex, follow\" \/>\n<meta property=\"og:locale\" content=\"fr_FR\" \/>\n<meta property=\"og:type\" content=\"article\" \/>\n<meta property=\"og:title\" content=\"Politique de confidentialit\u00e9 - Trazapack\" \/>\n<meta property=\"og:description\" content=\"Qui sommes-nous ? Notre d\u00e9nomination : Trazapack S.L. Notre CIF \/ NIF : B67559732 Notre activit\u00e9 principale : Vente d&#8217;imprimantes thermiques TIJ 2.5 Notre adresse : C\/ Pr\u00e9sident Irla 26, 08302 Matar\u00f3, Barcelone Notre t\u00e9l\u00e9phone de contact : +34 93 548 24 34 Notre adresse e-mail de contact : info@trazapack.com Notre site web : https:\/\/trazapack.com [&hellip;]\" \/>\n<meta property=\"og:url\" content=\"https:\/\/trazapack.com\/fr\/politique-de-confidentialite\/\" \/>\n<meta property=\"og:site_name\" content=\"Trazapack\" \/>\n<meta property=\"article:modified_time\" content=\"2024-09-24T06:47:26+00:00\" \/>\n<meta name=\"twitter:card\" content=\"summary_large_image\" \/>\n<meta name=\"twitter:label1\" content=\"Est. reading time\" \/>\n\t<meta name=\"twitter:data1\" content=\"5 minutes\" \/>\n<script type=\"application\/ld+json\" class=\"yoast-schema-graph\">{\"@context\":\"https:\/\/schema.org\",\"@graph\":[{\"@type\":\"WebPage\",\"@id\":\"https:\/\/trazapack.com\/fr\/politique-de-confidentialite\/\",\"url\":\"https:\/\/trazapack.com\/fr\/politique-de-confidentialite\/\",\"name\":\"Politique de confidentialit\u00e9 - Trazapack\",\"isPartOf\":{\"@id\":\"https:\/\/trazapack.com\/fr\/#website\"},\"datePublished\":\"2024-04-08T13:11:40+00:00\",\"dateModified\":\"2024-09-24T06:47:26+00:00\",\"breadcrumb\":{\"@id\":\"https:\/\/trazapack.com\/fr\/politique-de-confidentialite\/#breadcrumb\"},\"inLanguage\":\"fr-FR\",\"potentialAction\":[{\"@type\":\"ReadAction\",\"target\":[\"https:\/\/trazapack.com\/fr\/politique-de-confidentialite\/\"]}]},{\"@type\":\"BreadcrumbList\",\"@id\":\"https:\/\/trazapack.com\/fr\/politique-de-confidentialite\/#breadcrumb\",\"itemListElement\":[{\"@type\":\"ListItem\",\"position\":1,\"name\":\"Portada\",\"item\":\"https:\/\/trazapack.com\/fr\/\"},{\"@type\":\"ListItem\",\"position\":2,\"name\":\"Politique de confidentialit\u00e9\"}]},{\"@type\":\"WebSite\",\"@id\":\"https:\/\/trazapack.com\/fr\/#website\",\"url\":\"https:\/\/trazapack.com\/fr\/\",\"name\":\"Trazapack\",\"description\":\"Marcaje y codificaci\u00f3n industrial\",\"publisher\":{\"@id\":\"https:\/\/trazapack.com\/fr\/#organization\"},\"potentialAction\":[{\"@type\":\"SearchAction\",\"target\":{\"@type\":\"EntryPoint\",\"urlTemplate\":\"https:\/\/trazapack.com\/fr\/?s={search_term_string}\"},\"query-input\":{\"@type\":\"PropertyValueSpecification\",\"valueRequired\":true,\"valueName\":\"search_term_string\"}}],\"inLanguage\":\"fr-FR\"},{\"@type\":\"Organization\",\"@id\":\"https:\/\/trazapack.com\/fr\/#organization\",\"name\":\"Trazapack\",\"url\":\"https:\/\/trazapack.com\/fr\/\",\"logo\":{\"@type\":\"ImageObject\",\"inLanguage\":\"fr-FR\",\"@id\":\"https:\/\/trazapack.com\/fr\/#\/schema\/logo\/image\/\",\"url\":\"https:\/\/trazapack.com\/wp-content\/uploads\/2024\/08\/trazapack-logo.jpg\",\"contentUrl\":\"https:\/\/trazapack.com\/wp-content\/uploads\/2024\/08\/trazapack-logo.jpg\",\"width\":512,\"height\":512,\"caption\":\"Trazapack\"},\"image\":{\"@id\":\"https:\/\/trazapack.com\/fr\/#\/schema\/logo\/image\/\"}}]}<\/script>\n<!-- \/ Yoast SEO plugin. -->","yoast_head_json":{"title":"Politique de confidentialit\u00e9 - Trazapack","robots":{"index":"noindex","follow":"follow"},"og_locale":"fr_FR","og_type":"article","og_title":"Politique de confidentialit\u00e9 - Trazapack","og_description":"Qui sommes-nous ? Notre d\u00e9nomination : Trazapack S.L. Notre CIF \/ NIF : B67559732 Notre activit\u00e9 principale : Vente d&#8217;imprimantes thermiques TIJ 2.5 Notre adresse : C\/ Pr\u00e9sident Irla 26, 08302 Matar\u00f3, Barcelone Notre t\u00e9l\u00e9phone de contact : +34 93 548 24 34 Notre adresse e-mail de contact : info@trazapack.com Notre site web : https:\/\/trazapack.com [&hellip;]","og_url":"https:\/\/trazapack.com\/fr\/politique-de-confidentialite\/","og_site_name":"Trazapack","article_modified_time":"2024-09-24T06:47:26+00:00","twitter_card":"summary_large_image","twitter_misc":{"Est. reading time":"5 minutes"},"schema":{"@context":"https:\/\/schema.org","@graph":[{"@type":"WebPage","@id":"https:\/\/trazapack.com\/fr\/politique-de-confidentialite\/","url":"https:\/\/trazapack.com\/fr\/politique-de-confidentialite\/","name":"Politique de confidentialit\u00e9 - Trazapack","isPartOf":{"@id":"https:\/\/trazapack.com\/fr\/#website"},"datePublished":"2024-04-08T13:11:40+00:00","dateModified":"2024-09-24T06:47:26+00:00","breadcrumb":{"@id":"https:\/\/trazapack.com\/fr\/politique-de-confidentialite\/#breadcrumb"},"inLanguage":"fr-FR","potentialAction":[{"@type":"ReadAction","target":["https:\/\/trazapack.com\/fr\/politique-de-confidentialite\/"]}]},{"@type":"BreadcrumbList","@id":"https:\/\/trazapack.com\/fr\/politique-de-confidentialite\/#breadcrumb","itemListElement":[{"@type":"ListItem","position":1,"name":"Portada","item":"https:\/\/trazapack.com\/fr\/"},{"@type":"ListItem","position":2,"name":"Politique de confidentialit\u00e9"}]},{"@type":"WebSite","@id":"https:\/\/trazapack.com\/fr\/#website","url":"https:\/\/trazapack.com\/fr\/","name":"Trazapack","description":"Marcaje y codificaci\u00f3n industrial","publisher":{"@id":"https:\/\/trazapack.com\/fr\/#organization"},"potentialAction":[{"@type":"SearchAction","target":{"@type":"EntryPoint","urlTemplate":"https:\/\/trazapack.com\/fr\/?s={search_term_string}"},"query-input":{"@type":"PropertyValueSpecification","valueRequired":true,"valueName":"search_term_string"}}],"inLanguage":"fr-FR"},{"@type":"Organization","@id":"https:\/\/trazapack.com\/fr\/#organization","name":"Trazapack","url":"https:\/\/trazapack.com\/fr\/","logo":{"@type":"ImageObject","inLanguage":"fr-FR","@id":"https:\/\/trazapack.com\/fr\/#\/schema\/logo\/image\/","url":"https:\/\/trazapack.com\/wp-content\/uploads\/2024\/08\/trazapack-logo.jpg","contentUrl":"https:\/\/trazapack.com\/wp-content\/uploads\/2024\/08\/trazapack-logo.jpg","width":512,"height":512,"caption":"Trazapack"},"image":{"@id":"https:\/\/trazapack.com\/fr\/#\/schema\/logo\/image\/"}}]}},"_links":{"self":[{"href":"https:\/\/trazapack.com\/fr\/wp-json\/wp\/v2\/pages\/4431","targetHints":{"allow":["GET"]}}],"collection":[{"href":"https:\/\/trazapack.com\/fr\/wp-json\/wp\/v2\/pages"}],"about":[{"href":"https:\/\/trazapack.com\/fr\/wp-json\/wp\/v2\/types\/page"}],"author":[{"embeddable":true,"href":"https:\/\/trazapack.com\/fr\/wp-json\/wp\/v2\/users\/1"}],"replies":[{"embeddable":true,"href":"https:\/\/trazapack.com\/fr\/wp-json\/wp\/v2\/comments?post=4431"}],"version-history":[{"count":1,"href":"https:\/\/trazapack.com\/fr\/wp-json\/wp\/v2\/pages\/4431\/revisions"}],"predecessor-version":[{"id":4432,"href":"https:\/\/trazapack.com\/fr\/wp-json\/wp\/v2\/pages\/4431\/revisions\/4432"}],"wp:attachment":[{"href":"https:\/\/trazapack.com\/fr\/wp-json\/wp\/v2\/media?parent=4431"}],"curies":[{"name":"wp","href":"https:\/\/api.w.org\/{rel}","templated":true}]}}