{"id":4419,"date":"2024-09-10T08:30:55","date_gmt":"2024-09-10T06:30:55","guid":{"rendered":"https:\/\/trazapack.com\/imprimantes-laser-industrielles\/"},"modified":"2025-06-27T18:02:19","modified_gmt":"2025-06-27T16:02:19","slug":"imprimantes-laser-industrielles","status":"publish","type":"page","link":"https:\/\/trazapack.com\/fr\/imprimantes-laser-industrielles\/","title":{"rendered":"Imprimantes laser industrielles"},"content":{"rendered":"\t\t<div data-elementor-type=\"wp-page\" data-elementor-id=\"4419\" class=\"elementor elementor-4419 elementor-3856\" data-elementor-post-type=\"page\">\n\t\t\t\t<div class=\"elementor-element elementor-element-2e40045 e-flex e-con-boxed e-con e-parent\" data-id=\"2e40045\" data-element_type=\"container\" data-e-type=\"container\">\n\t\t\t\t\t<div class=\"e-con-inner\">\n\t\t<div class=\"elementor-element elementor-element-1cd33fb e-con-full e-flex e-con e-child\" data-id=\"1cd33fb\" data-element_type=\"container\" data-e-type=\"container\">\n\t\t\t\t<div class=\"elementor-element elementor-element-25fa10c elementor-widget elementor-widget-image\" data-id=\"25fa10c\" data-element_type=\"widget\" data-e-type=\"widget\" data-widget_type=\"image.default\">\n\t\t\t\t<div class=\"elementor-widget-container\">\n\t\t\t\t\t\t\t\t\t\t\t\t\t\t\t<img fetchpriority=\"high\" decoding=\"async\" width=\"300\" height=\"214\" src=\"https:\/\/trazapack.com\/wp-content\/uploads\/2024\/08\/marcadora-laser-co2-300x214.jpg\" class=\"attachment-medium size-medium wp-image-6099\" alt=\"marcadora laser co2\" srcset=\"https:\/\/trazapack.com\/wp-content\/uploads\/2024\/08\/marcadora-laser-co2-300x214.jpg 300w, https:\/\/trazapack.com\/wp-content\/uploads\/2024\/08\/marcadora-laser-co2.jpg 700w\" sizes=\"(max-width: 300px) 100vw, 300px\" \/>\t\t\t\t\t\t\t\t\t\t\t\t\t\t\t<\/div>\n\t\t\t\t<\/div>\n\t\t\t\t<div class=\"elementor-element elementor-element-f7e2b61 elementor-widget elementor-widget-heading\" data-id=\"f7e2b61\" data-element_type=\"widget\" data-e-type=\"widget\" data-widget_type=\"heading.default\">\n\t\t\t\t<div class=\"elementor-widget-container\">\n\t\t\t\t\t<h2 class=\"elementor-heading-title elementor-size-default\">TRZL CO2<\/h2>\t\t\t\t<\/div>\n\t\t\t\t<\/div>\n\t\t\t\t<div class=\"elementor-element elementor-element-282bf8f elementor-widget elementor-widget-text-editor\" data-id=\"282bf8f\" data-element_type=\"widget\" data-e-type=\"widget\" data-widget_type=\"text-editor.default\">\n\t\t\t\t<div class=\"elementor-widget-container\">\n\t\t\t\t\t\t\t\t\t<p style=\"text-align: center;\">Marqueur laser industriel 3W<\/p>\n\t\t\t\t\t\t\t\t<\/div>\n\t\t\t\t<\/div>\n\t\t\t\t<div class=\"elementor-element elementor-element-f493e50 elementor-align-center elementor-widget elementor-widget-button\" data-id=\"f493e50\" data-element_type=\"widget\" data-e-type=\"widget\" data-widget_type=\"button.default\">\n\t\t\t\t<div class=\"elementor-widget-container\">\n\t\t\t\t\t\t\t\t\t<div class=\"elementor-button-wrapper\">\n\t\t\t\t\t<a class=\"elementor-button elementor-button-link elementor-size-sm elementor-animation-grow\" href=\"\/productos\/trzl3\/\">\n\t\t\t\t\t\t<span class=\"elementor-button-content-wrapper\">\n\t\t\t\t\t\t\t\t\t<span class=\"elementor-button-text\">Plus d'informations<\/span>\n\t\t\t\t\t<\/span>\n\t\t\t\t\t<\/a>\n\t\t\t\t<\/div>\n\t\t\t\t\t\t\t\t<\/div>\n\t\t\t\t<\/div>\n\t\t\t\t<\/div>\n\t\t<div class=\"elementor-element elementor-element-cdb1020 e-con-full e-flex e-con e-child\" data-id=\"cdb1020\" data-element_type=\"container\" data-e-type=\"container\">\n\t\t\t\t<div class=\"elementor-element elementor-element-a0ee6c0 elementor-widget elementor-widget-image\" data-id=\"a0ee6c0\" data-element_type=\"widget\" data-e-type=\"widget\" data-widget_type=\"image.default\">\n\t\t\t\t<div class=\"elementor-widget-container\">\n\t\t\t\t\t\t\t\t\t\t\t\t\t\t\t<img fetchpriority=\"high\" decoding=\"async\" width=\"300\" height=\"214\" src=\"https:\/\/trazapack.com\/wp-content\/uploads\/2024\/08\/marcadora-laser-co2-300x214.jpg\" class=\"attachment-medium size-medium wp-image-6099\" alt=\"marcadora laser co2\" srcset=\"https:\/\/trazapack.com\/wp-content\/uploads\/2024\/08\/marcadora-laser-co2-300x214.jpg 300w, https:\/\/trazapack.com\/wp-content\/uploads\/2024\/08\/marcadora-laser-co2.jpg 700w\" sizes=\"(max-width: 300px) 100vw, 300px\" \/>\t\t\t\t\t\t\t\t\t\t\t\t\t\t\t<\/div>\n\t\t\t\t<\/div>\n\t\t\t\t<div class=\"elementor-element elementor-element-b1ddc9b elementor-widget elementor-widget-heading\" data-id=\"b1ddc9b\" data-element_type=\"widget\" data-e-type=\"widget\" data-widget_type=\"heading.default\">\n\t\t\t\t<div class=\"elementor-widget-container\">\n\t\t\t\t\t<h2 class=\"elementor-heading-title elementor-size-default\">TRZL FIBRE<\/h2>\t\t\t\t<\/div>\n\t\t\t\t<\/div>\n\t\t\t\t<div class=\"elementor-element elementor-element-0768b5b elementor-widget elementor-widget-text-editor\" data-id=\"0768b5b\" data-element_type=\"widget\" data-e-type=\"widget\" data-widget_type=\"text-editor.default\">\n\t\t\t\t<div class=\"elementor-widget-container\">\n\t\t\t\t\t\t\t\t\t<p style=\"text-align: center;\">Machines industrielles de marquage au laser \u00e0 fibre<\/p>\n\t\t\t\t\t\t\t\t<\/div>\n\t\t\t\t<\/div>\n\t\t\t\t<div class=\"elementor-element elementor-element-c22c7ba elementor-align-center elementor-widget elementor-widget-button\" data-id=\"c22c7ba\" data-element_type=\"widget\" data-e-type=\"widget\" data-widget_type=\"button.default\">\n\t\t\t\t<div class=\"elementor-widget-container\">\n\t\t\t\t\t\t\t\t\t<div class=\"elementor-button-wrapper\">\n\t\t\t\t\t<a class=\"elementor-button elementor-button-link elementor-size-sm elementor-animation-grow\" href=\"\/productos\/trzlf20-trzlf30-trzlf50\/\">\n\t\t\t\t\t\t<span class=\"elementor-button-content-wrapper\">\n\t\t\t\t\t\t\t\t\t<span class=\"elementor-button-text\">Plus d'informations<\/span>\n\t\t\t\t\t<\/span>\n\t\t\t\t\t<\/a>\n\t\t\t\t<\/div>\n\t\t\t\t\t\t\t\t<\/div>\n\t\t\t\t<\/div>\n\t\t\t\t<\/div>\n\t\t<div class=\"elementor-element elementor-element-3eb4048 e-con-full e-flex e-con e-child\" data-id=\"3eb4048\" data-element_type=\"container\" data-e-type=\"container\">\n\t\t\t\t<div class=\"elementor-element elementor-element-7cea983 elementor-widget elementor-widget-image\" data-id=\"7cea983\" data-element_type=\"widget\" data-e-type=\"widget\" data-widget_type=\"image.default\">\n\t\t\t\t<div class=\"elementor-widget-container\">\n\t\t\t\t\t\t\t\t\t\t\t\t\t\t\t<img fetchpriority=\"high\" decoding=\"async\" width=\"300\" height=\"214\" src=\"https:\/\/trazapack.com\/wp-content\/uploads\/2024\/08\/marcadora-laser-co2-300x214.jpg\" class=\"attachment-medium size-medium wp-image-6099\" alt=\"marcadora laser co2\" srcset=\"https:\/\/trazapack.com\/wp-content\/uploads\/2024\/08\/marcadora-laser-co2-300x214.jpg 300w, https:\/\/trazapack.com\/wp-content\/uploads\/2024\/08\/marcadora-laser-co2.jpg 700w\" sizes=\"(max-width: 300px) 100vw, 300px\" \/>\t\t\t\t\t\t\t\t\t\t\t\t\t\t\t<\/div>\n\t\t\t\t<\/div>\n\t\t\t\t<div class=\"elementor-element elementor-element-fd6ba17 elementor-widget elementor-widget-heading\" data-id=\"fd6ba17\" data-element_type=\"widget\" data-e-type=\"widget\" data-widget_type=\"heading.default\">\n\t\t\t\t<div class=\"elementor-widget-container\">\n\t\t\t\t\t<h2 class=\"elementor-heading-title elementor-size-default\">TRZL UVI<\/h2>\t\t\t\t<\/div>\n\t\t\t\t<\/div>\n\t\t\t\t<div class=\"elementor-element elementor-element-41a99d6 elementor-widget elementor-widget-text-editor\" data-id=\"41a99d6\" data-element_type=\"widget\" data-e-type=\"widget\" data-widget_type=\"text-editor.default\">\n\t\t\t\t<div class=\"elementor-widget-container\">\n\t\t\t\t\t\t\t\t\t<p style=\"text-align: center;\">Machine de marquage laser industriel UV<\/p>\t\t\t\t\t\t\t\t<\/div>\n\t\t\t\t<\/div>\n\t\t\t\t<div class=\"elementor-element elementor-element-a739d44 elementor-align-center elementor-widget elementor-widget-button\" data-id=\"a739d44\" data-element_type=\"widget\" data-e-type=\"widget\" data-widget_type=\"button.default\">\n\t\t\t\t<div class=\"elementor-widget-container\">\n\t\t\t\t\t\t\t\t\t<div class=\"elementor-button-wrapper\">\n\t\t\t\t\t<a class=\"elementor-button elementor-button-link elementor-size-sm elementor-animation-grow\" href=\"\/productos\/trzlc30-trzlc60\/\">\n\t\t\t\t\t\t<span class=\"elementor-button-content-wrapper\">\n\t\t\t\t\t\t\t\t\t<span class=\"elementor-button-text\">Plus d'informations<\/span>\n\t\t\t\t\t<\/span>\n\t\t\t\t\t<\/a>\n\t\t\t\t<\/div>\n\t\t\t\t\t\t\t\t<\/div>\n\t\t\t\t<\/div>\n\t\t\t\t<\/div>\n\t\t\t\t\t<\/div>\n\t\t\t\t<\/div>\n\t\t<div class=\"elementor-element elementor-element-b70548f e-flex e-con-boxed e-con e-parent\" data-id=\"b70548f\" data-element_type=\"container\" data-e-type=\"container\">\n\t\t\t\t\t<div class=\"e-con-inner\">\n\t\t<div class=\"elementor-element elementor-element-6e47447 e-con-full e-flex e-con e-child\" data-id=\"6e47447\" data-element_type=\"container\" data-e-type=\"container\">\n\t\t\t\t<div class=\"elementor-element elementor-element-f16f891 elementor-widget elementor-widget-text-editor\" data-id=\"f16f891\" data-element_type=\"widget\" data-e-type=\"widget\" data-widget_type=\"text-editor.default\">\n\t\t\t\t<div class=\"elementor-widget-container\">\n\t\t\t\t\t\t\t\t\t<p>Chez Trazapack, nous sommes sp\u00e9cialis\u00e9s dans la fourniture de solutions avanc\u00e9es de <strong>marquage laser industriel<\/strong>, adapt\u00e9es aux besoins sp\u00e9cifiques de chaque client.<\/p><p>Ci-dessous, nous expliquons en d\u00e9tail ce qu&#8217;est le marquage laser, ses avantages par rapport \u00e0 d&#8217;autres m\u00e9thodes, les types de codes et d&#8217;\u00e9tiquettes qui peuvent \u00eatre marqu\u00e9s, et comment nos machines s&#8217;int\u00e8grent et s&#8217;automatisent dans les lignes de production.<\/p><h2>Qu&#8217;est-ce que le marquage laser industriel ?<\/h2><p>Le marquage laser est une technique qui utilise un faisceau de lumi\u00e8re concentr\u00e9e pour modifier la surface d&#8217;un mat\u00e9riau, cr\u00e9ant des marques permanentes sans contact physique. Ce processus est extr\u00eamement pr\u00e9cis et polyvalent, permettant de marquer aussi bien de minuscules composants que des pi\u00e8ces de grande taille sur une large vari\u00e9t\u00e9 de mat\u00e9riaux, y compris les m\u00e9taux et les plastiques.<\/p><h2>Avantages du marquage laser par rapport \u00e0 d&#8217;autres m\u00e9thodes<\/h2><p>Le marquage laser offre de nombreux avantages par rapport aux techniques traditionnelles :<\/p><p><strong>Pr\u00e9cision et Flexibilit\u00e9<\/strong> : Permet de r\u00e9aliser des marquages d\u00e9taill\u00e9s et d&#8217;acc\u00e9der \u00e0 des zones difficiles sur tous types de pi\u00e8ces.<\/p><p><strong>Vitesse et Efficacit\u00e9<\/strong> : Le faisceau laser se d\u00e9place sans r\u00e9sistance m\u00e9canique, ce qui garantit un processus rapide et efficace.<\/p><p><strong>Durabilit\u00e9<\/strong> : Les marquages sont ind\u00e9l\u00e9biles et r\u00e9sistants \u00e0 des facteurs tels que les acides, les rayons UV, la chaleur et l&#8217;abrasion.<\/p><p><strong>Absence d&#8217;Usure M\u00e9canique<\/strong> : L&#8217;absence de contact direct \u00e9limine l&#8217;usure des outils et le besoin de fixation m\u00e9canique des pi\u00e8ces.<\/p><p><strong>Adaptabilit\u00e9 \u00e0 Divers Mat\u00e9riaux<\/strong> : Il est efficace sur une large gamme de mat\u00e9riaux, allant des m\u00e9taux aux diff\u00e9rents plastiques.<\/p><h2>Types de codes et d&#8217;\u00e9tiquettes pouvant \u00eatre marqu\u00e9s<\/h2><p>Avec nos machines laser, il est possible de marquer une vari\u00e9t\u00e9 de codes et d&#8217;\u00e9tiquettes essentiels pour la tra\u00e7abilit\u00e9 et l&#8217;identification des produits :<\/p><p><strong>Codes-barres et QR<\/strong> : Facilitent la gestion des stocks et le suivi des produits.<\/p><p><strong>Codes Datamatrix<\/strong> : Id\u00e9aux pour les applications n\u00e9cessitant une haute densit\u00e9 d&#8217;informations dans des espaces r\u00e9duits.<br \/><br \/><strong>Num\u00e9ros de S\u00e9rie et Lots<\/strong> : Permettent un contr\u00f4le d\u00e9taill\u00e9 de la production et de la distribution.<\/p><p><strong>Logos et Graphismes<\/strong> : Pour la personnalisation et l&#8217;image de marque des produits.<\/p>\t\t\t\t\t\t\t\t<\/div>\n\t\t\t\t<\/div>\n\t\t\t\t<\/div>\n\t\t<div class=\"elementor-element elementor-element-e26acea e-con-full e-flex e-con e-child\" data-id=\"e26acea\" data-element_type=\"container\" data-e-type=\"container\">\n\t\t\t\t<div class=\"elementor-element elementor-element-89c688c elementor-widget elementor-widget-text-editor\" data-id=\"89c688c\" data-element_type=\"widget\" data-e-type=\"widget\" data-widget_type=\"text-editor.default\">\n\t\t\t\t<div class=\"elementor-widget-container\">\n\t\t\t\t\t\t\t\t\t<h3>Adaptation et automatisation dans la cha\u00eene de production<\/h3><p>Nous comprenons que chaque processus de production est unique. C\u2019est pourquoi nos solutions de marquage laser sont con\u00e7ues pour s\u2019int\u00e9grer parfaitement aux lignes de production existantes, offrant :<\/p><p><strong>Int\u00e9gration Personnalis\u00e9e<\/strong> : Nous adaptons nos machines aux sp\u00e9cifications de votre ligne de production, garantissant une installation sans complications.<\/p><p><strong>Automatisation des Processus<\/strong> : Nos solutions permettent l\u2019automatisation compl\u00e8te du marquage, r\u00e9duisant l\u2019intervention manuelle et augmentant l\u2019efficacit\u00e9.<\/p><p><strong>Syst\u00e8mes &#8220;On-The-Fly&#8221;<\/strong> : Nous proposons des options de marquage en mouvement, id\u00e9ales pour les lignes \u00e0 haute vitesse o\u00f9 les produits sont marqu\u00e9s sans s\u2019arr\u00eater.<\/p><p><strong>Compatibilit\u00e9 avec les Protocoles Industriels<\/strong> : Nos machines sont compatibles avec des protocoles tels que Profinet, Profibus et Ethernet, facilitant la communication et le contr\u00f4le dans les environnements industriels.<\/p><h2>Exemples d\u2019applications<\/h2><p>Les applications du marquage laser sont vari\u00e9es et couvrent de nombreuses industries :<br \/><strong>Automobile<\/strong> : Marquage de pi\u00e8ces et composants avec des informations d\u2019identification, des num\u00e9ros de s\u00e9rie ou des codes date pour le suivi et l\u2019assurance qualit\u00e9.<\/p><p><strong>\u00c9lectronique<\/strong> : Marquage de circuits imprim\u00e9s, composants \u00e9lectroniques et dispositifs avec des informations d\u2019identification, des codes date ou des logos d\u2019entreprise.<\/p><p><strong>M\u00e9dical<\/strong> : Marquage d\u2019instruments m\u00e9dicaux, implants et dispositifs avec des informations d\u2019identification, des codes de lot ou des logos d\u2019entreprise.<\/p><p><strong>A\u00e9rospatial<\/strong> : Marquage de pi\u00e8ces et composants a\u00e9rospatiaux avec des informations d\u2019identification, des num\u00e9ros de s\u00e9rie ou des codes date pour le suivi et l\u2019assurance qualit\u00e9.<\/p><p><strong>Bijouterie<\/strong> : Marquage de bijoux avec des logos, noms ou designs personnalis\u00e9s.<\/p><p><strong>Emballage<\/strong> : Marquage de codes-barres, dates d\u2019expiration ou informations de suivi sur des emballages et des \u00e9tiquettes.<\/p><p>Chez Trazapack, nous nous engageons \u00e0 fournir des solutions de marquage laser qui respectent non seulement les normes industrielles les plus exigeantes, mais qui s\u2019adaptent \u00e9galement aux besoins sp\u00e9cifiques de votre production, garantissant efficacit\u00e9, pr\u00e9cision et durabilit\u00e9 dans chaque marquage.<\/p>\t\t\t\t\t\t\t\t<\/div>\n\t\t\t\t<\/div>\n\t\t\t\t<\/div>\n\t\t\t\t\t<\/div>\n\t\t\t\t<\/div>\n\t\t\t\t<\/div>\n\t\t","protected":false},"excerpt":{"rendered":"<p>TRZL CO2 Marqueur laser industriel 3W Plus d&#8217;informations TRZL FIBRE Machines industrielles de marquage au laser \u00e0 fibre Plus d&#8217;informations TRZL UVI Machine de marquage laser industriel UV Plus d&#8217;informations Chez Trazapack, nous sommes sp\u00e9cialis\u00e9s dans la fourniture de solutions avanc\u00e9es de marquage laser industriel, adapt\u00e9es aux besoins sp\u00e9cifiques de chaque client. Ci-dessous, nous expliquons [&hellip;]<\/p>\n","protected":false},"author":1,"featured_media":0,"parent":0,"menu_order":0,"comment_status":"closed","ping_status":"closed","template":"","meta":{"_acf_changed":false,"footnotes":""},"class_list":["post-4419","page","type-page","status-publish","hentry"],"acf":[],"yoast_head":"<!-- This site is optimized with the Yoast SEO plugin v26.9 - https:\/\/yoast.com\/product\/yoast-seo-wordpress\/ -->\n<title>Imprimantes laser industrielles - Trazapack<\/title>\n<meta name=\"description\" content=\"Marquage laser industriel pour le codage et la tra\u00e7abilit\u00e9 des produits. Lasers 3W, 30W, 60W de haute pr\u00e9cision et de haute vitesse.\" \/>\n<meta name=\"robots\" content=\"index, follow, max-snippet:-1, max-image-preview:large, max-video-preview:-1\" \/>\n<link rel=\"canonical\" href=\"https:\/\/trazapack.com\/fr\/imprimantes-laser-industrielles\/\" \/>\n<meta property=\"og:locale\" content=\"fr_FR\" \/>\n<meta property=\"og:type\" content=\"article\" \/>\n<meta property=\"og:title\" content=\"Imprimantes laser industrielles - Trazapack\" \/>\n<meta property=\"og:description\" content=\"Marquage laser industriel pour le codage et la tra\u00e7abilit\u00e9 des produits. Lasers 3W, 30W, 60W de haute pr\u00e9cision et de haute vitesse.\" \/>\n<meta property=\"og:url\" content=\"https:\/\/trazapack.com\/fr\/imprimantes-laser-industrielles\/\" \/>\n<meta property=\"og:site_name\" content=\"Trazapack\" \/>\n<meta property=\"article:modified_time\" content=\"2025-06-27T16:02:19+00:00\" \/>\n<meta property=\"og:image\" content=\"https:\/\/trazapack.com\/wp-content\/uploads\/2024\/08\/marcadora-laser-co2.jpg\" \/>\n\t<meta property=\"og:image:width\" content=\"700\" \/>\n\t<meta property=\"og:image:height\" content=\"500\" \/>\n\t<meta property=\"og:image:type\" content=\"image\/jpeg\" \/>\n<meta name=\"twitter:card\" content=\"summary_large_image\" \/>\n<meta name=\"twitter:label1\" content=\"Est. reading time\" \/>\n\t<meta name=\"twitter:data1\" content=\"4 minutes\" \/>\n<script type=\"application\/ld+json\" class=\"yoast-schema-graph\">{\"@context\":\"https:\/\/schema.org\",\"@graph\":[{\"@type\":\"WebPage\",\"@id\":\"https:\/\/trazapack.com\/fr\/imprimantes-laser-industrielles\/\",\"url\":\"https:\/\/trazapack.com\/fr\/imprimantes-laser-industrielles\/\",\"name\":\"Imprimantes laser industrielles - Trazapack\",\"isPartOf\":{\"@id\":\"https:\/\/trazapack.com\/fr\/#website\"},\"primaryImageOfPage\":{\"@id\":\"https:\/\/trazapack.com\/fr\/imprimantes-laser-industrielles\/#primaryimage\"},\"image\":{\"@id\":\"https:\/\/trazapack.com\/fr\/imprimantes-laser-industrielles\/#primaryimage\"},\"thumbnailUrl\":\"https:\/\/trazapack.com\/wp-content\/uploads\/2024\/08\/marcadora-laser-co2-300x214.jpg\",\"datePublished\":\"2024-09-10T06:30:55+00:00\",\"dateModified\":\"2025-06-27T16:02:19+00:00\",\"description\":\"Marquage laser industriel pour le codage et la tra\u00e7abilit\u00e9 des produits. Lasers 3W, 30W, 60W de haute pr\u00e9cision et de haute vitesse.\",\"breadcrumb\":{\"@id\":\"https:\/\/trazapack.com\/fr\/imprimantes-laser-industrielles\/#breadcrumb\"},\"inLanguage\":\"fr-FR\",\"potentialAction\":[{\"@type\":\"ReadAction\",\"target\":[\"https:\/\/trazapack.com\/fr\/imprimantes-laser-industrielles\/\"]}]},{\"@type\":\"ImageObject\",\"inLanguage\":\"fr-FR\",\"@id\":\"https:\/\/trazapack.com\/fr\/imprimantes-laser-industrielles\/#primaryimage\",\"url\":\"https:\/\/trazapack.com\/wp-content\/uploads\/2024\/08\/marcadora-laser-co2-300x214.jpg\",\"contentUrl\":\"https:\/\/trazapack.com\/wp-content\/uploads\/2024\/08\/marcadora-laser-co2-300x214.jpg\"},{\"@type\":\"BreadcrumbList\",\"@id\":\"https:\/\/trazapack.com\/fr\/imprimantes-laser-industrielles\/#breadcrumb\",\"itemListElement\":[{\"@type\":\"ListItem\",\"position\":1,\"name\":\"Portada\",\"item\":\"https:\/\/trazapack.com\/fr\/\"},{\"@type\":\"ListItem\",\"position\":2,\"name\":\"Imprimantes laser industrielles\"}]},{\"@type\":\"WebSite\",\"@id\":\"https:\/\/trazapack.com\/fr\/#website\",\"url\":\"https:\/\/trazapack.com\/fr\/\",\"name\":\"Trazapack\",\"description\":\"Marcaje y codificaci\u00f3n industrial\",\"publisher\":{\"@id\":\"https:\/\/trazapack.com\/fr\/#organization\"},\"potentialAction\":[{\"@type\":\"SearchAction\",\"target\":{\"@type\":\"EntryPoint\",\"urlTemplate\":\"https:\/\/trazapack.com\/fr\/?s={search_term_string}\"},\"query-input\":{\"@type\":\"PropertyValueSpecification\",\"valueRequired\":true,\"valueName\":\"search_term_string\"}}],\"inLanguage\":\"fr-FR\"},{\"@type\":\"Organization\",\"@id\":\"https:\/\/trazapack.com\/fr\/#organization\",\"name\":\"Trazapack\",\"url\":\"https:\/\/trazapack.com\/fr\/\",\"logo\":{\"@type\":\"ImageObject\",\"inLanguage\":\"fr-FR\",\"@id\":\"https:\/\/trazapack.com\/fr\/#\/schema\/logo\/image\/\",\"url\":\"https:\/\/trazapack.com\/wp-content\/uploads\/2024\/08\/trazapack-logo.jpg\",\"contentUrl\":\"https:\/\/trazapack.com\/wp-content\/uploads\/2024\/08\/trazapack-logo.jpg\",\"width\":512,\"height\":512,\"caption\":\"Trazapack\"},\"image\":{\"@id\":\"https:\/\/trazapack.com\/fr\/#\/schema\/logo\/image\/\"}}]}<\/script>\n<!-- \/ Yoast SEO plugin. -->","yoast_head_json":{"title":"Imprimantes laser industrielles - Trazapack","description":"Marquage laser industriel pour le codage et la tra\u00e7abilit\u00e9 des produits. Lasers 3W, 30W, 60W de haute pr\u00e9cision et de haute vitesse.","robots":{"index":"index","follow":"follow","max-snippet":"max-snippet:-1","max-image-preview":"max-image-preview:large","max-video-preview":"max-video-preview:-1"},"canonical":"https:\/\/trazapack.com\/fr\/imprimantes-laser-industrielles\/","og_locale":"fr_FR","og_type":"article","og_title":"Imprimantes laser industrielles - Trazapack","og_description":"Marquage laser industriel pour le codage et la tra\u00e7abilit\u00e9 des produits. Lasers 3W, 30W, 60W de haute pr\u00e9cision et de haute vitesse.","og_url":"https:\/\/trazapack.com\/fr\/imprimantes-laser-industrielles\/","og_site_name":"Trazapack","article_modified_time":"2025-06-27T16:02:19+00:00","og_image":[{"width":700,"height":500,"url":"https:\/\/trazapack.com\/wp-content\/uploads\/2024\/08\/marcadora-laser-co2.jpg","type":"image\/jpeg"}],"twitter_card":"summary_large_image","twitter_misc":{"Est. reading time":"4 minutes"},"schema":{"@context":"https:\/\/schema.org","@graph":[{"@type":"WebPage","@id":"https:\/\/trazapack.com\/fr\/imprimantes-laser-industrielles\/","url":"https:\/\/trazapack.com\/fr\/imprimantes-laser-industrielles\/","name":"Imprimantes laser industrielles - Trazapack","isPartOf":{"@id":"https:\/\/trazapack.com\/fr\/#website"},"primaryImageOfPage":{"@id":"https:\/\/trazapack.com\/fr\/imprimantes-laser-industrielles\/#primaryimage"},"image":{"@id":"https:\/\/trazapack.com\/fr\/imprimantes-laser-industrielles\/#primaryimage"},"thumbnailUrl":"https:\/\/trazapack.com\/wp-content\/uploads\/2024\/08\/marcadora-laser-co2-300x214.jpg","datePublished":"2024-09-10T06:30:55+00:00","dateModified":"2025-06-27T16:02:19+00:00","description":"Marquage laser industriel pour le codage et la tra\u00e7abilit\u00e9 des produits. Lasers 3W, 30W, 60W de haute pr\u00e9cision et de haute vitesse.","breadcrumb":{"@id":"https:\/\/trazapack.com\/fr\/imprimantes-laser-industrielles\/#breadcrumb"},"inLanguage":"fr-FR","potentialAction":[{"@type":"ReadAction","target":["https:\/\/trazapack.com\/fr\/imprimantes-laser-industrielles\/"]}]},{"@type":"ImageObject","inLanguage":"fr-FR","@id":"https:\/\/trazapack.com\/fr\/imprimantes-laser-industrielles\/#primaryimage","url":"https:\/\/trazapack.com\/wp-content\/uploads\/2024\/08\/marcadora-laser-co2-300x214.jpg","contentUrl":"https:\/\/trazapack.com\/wp-content\/uploads\/2024\/08\/marcadora-laser-co2-300x214.jpg"},{"@type":"BreadcrumbList","@id":"https:\/\/trazapack.com\/fr\/imprimantes-laser-industrielles\/#breadcrumb","itemListElement":[{"@type":"ListItem","position":1,"name":"Portada","item":"https:\/\/trazapack.com\/fr\/"},{"@type":"ListItem","position":2,"name":"Imprimantes laser industrielles"}]},{"@type":"WebSite","@id":"https:\/\/trazapack.com\/fr\/#website","url":"https:\/\/trazapack.com\/fr\/","name":"Trazapack","description":"Marcaje y codificaci\u00f3n industrial","publisher":{"@id":"https:\/\/trazapack.com\/fr\/#organization"},"potentialAction":[{"@type":"SearchAction","target":{"@type":"EntryPoint","urlTemplate":"https:\/\/trazapack.com\/fr\/?s={search_term_string}"},"query-input":{"@type":"PropertyValueSpecification","valueRequired":true,"valueName":"search_term_string"}}],"inLanguage":"fr-FR"},{"@type":"Organization","@id":"https:\/\/trazapack.com\/fr\/#organization","name":"Trazapack","url":"https:\/\/trazapack.com\/fr\/","logo":{"@type":"ImageObject","inLanguage":"fr-FR","@id":"https:\/\/trazapack.com\/fr\/#\/schema\/logo\/image\/","url":"https:\/\/trazapack.com\/wp-content\/uploads\/2024\/08\/trazapack-logo.jpg","contentUrl":"https:\/\/trazapack.com\/wp-content\/uploads\/2024\/08\/trazapack-logo.jpg","width":512,"height":512,"caption":"Trazapack"},"image":{"@id":"https:\/\/trazapack.com\/fr\/#\/schema\/logo\/image\/"}}]}},"_links":{"self":[{"href":"https:\/\/trazapack.com\/fr\/wp-json\/wp\/v2\/pages\/4419","targetHints":{"allow":["GET"]}}],"collection":[{"href":"https:\/\/trazapack.com\/fr\/wp-json\/wp\/v2\/pages"}],"about":[{"href":"https:\/\/trazapack.com\/fr\/wp-json\/wp\/v2\/types\/page"}],"author":[{"embeddable":true,"href":"https:\/\/trazapack.com\/fr\/wp-json\/wp\/v2\/users\/1"}],"replies":[{"embeddable":true,"href":"https:\/\/trazapack.com\/fr\/wp-json\/wp\/v2\/comments?post=4419"}],"version-history":[{"count":7,"href":"https:\/\/trazapack.com\/fr\/wp-json\/wp\/v2\/pages\/4419\/revisions"}],"predecessor-version":[{"id":6185,"href":"https:\/\/trazapack.com\/fr\/wp-json\/wp\/v2\/pages\/4419\/revisions\/6185"}],"wp:attachment":[{"href":"https:\/\/trazapack.com\/fr\/wp-json\/wp\/v2\/media?parent=4419"}],"curies":[{"name":"wp","href":"https:\/\/api.w.org\/{rel}","templated":true}]}}